{"id":6664,"date":"2020-12-08T13:10:32","date_gmt":"2020-12-08T11:10:32","guid":{"rendered":"https:\/\/ceramic.md\/?post_type=product&#038;p=6664"},"modified":"2023-06-22T10:29:13","modified_gmt":"2023-06-22T07:29:13","slug":"colectie-nairobi","status":"publish","type":"product","link":"https:\/\/ceramic.md\/ro\/product\/colectie-nairobi\/","title":{"rendered":"Colec\u021bie Nairobi"},"content":{"rendered":"<div class=\"container section-title-container\" ><h3 class=\"section-title section-title-bold-center\"><b><\/b><span class=\"section-title-main\" style=\"color:rgb(0, 0, 0);\">Compozi\u021bia colec\u021biei de teracot\u0103<\/span><b><\/b><\/h3><\/div>\n\n<p style=\"text-align: center;\"><div class=\"woocommerce columns-3 \"><span class=\"wpfHidden\" data-shortcode-attribute=\"{&quot;limit&quot;:&quot;12&quot;,&quot;columns&quot;:&quot;3&quot;,&quot;rows&quot;:&quot;&quot;,&quot;orderby&quot;:&quot;date&quot;,&quot;order&quot;:&quot;&quot;,&quot;ids&quot;:&quot;6672,6670,6666,6668&quot;,&quot;skus&quot;:&quot;&quot;,&quot;category&quot;:&quot;&quot;,&quot;cat_operator&quot;:&quot;IN&quot;,&quot;attribute&quot;:&quot;&quot;,&quot;terms&quot;:&quot;&quot;,&quot;terms_operator&quot;:&quot;IN&quot;,&quot;tag&quot;:&quot;&quot;,&quot;tag_operator&quot;:&quot;IN&quot;,&quot;visibility&quot;:&quot;visible&quot;,&quot;class&quot;:&quot;&quot;,&quot;page&quot;:1,&quot;paginate&quot;:false,&quot;cache&quot;:false}\"><\/span><div class=\"products row row-small large-columns-3 medium-columns-3 small-columns-2 has-shadow row-box-shadow-2 row-box-shadow-3-hover\">\n<div class=\"product-small col has-hover product type-product post-6672 status-publish first instock product_cat-faianta product_cat-teracota has-post-thumbnail shipping-taxable product-type-simple\">\n\t<div class=\"col-inner\">\n\t\n<div class=\"badge-container absolute left top z-1\">\n<\/div>\n\t<div class=\"product-small box \">\n\t\t<div class=\"box-image\">\n\t\t\t<div class=\"image-zoom\">\n\t\t\t\t<a href=\"https:\/\/ceramic.md\/ro\/product\/nairobi-mosaic\/\" aria-label=\"33,3x55cm Nairobi Mosaic\">\n\t\t\t\t\t<img width=\"300\" height=\"181\" src=\"https:\/\/ceramic.md\/wp-content\/uploads\/2021\/01\/ceramic.md-nairobi-mosaic-300x181.jpg\" class=\"attachment-woocommerce_thumbnail size-woocommerce_thumbnail\" alt=\"Nairobi Mosaic\" srcset=\"https:\/\/ceramic.md\/wp-content\/uploads\/2021\/01\/ceramic.md-nairobi-mosaic-300x181.jpg 300w, https:\/\/ceramic.md\/wp-content\/uploads\/2021\/01\/ceramic.md-nairobi-mosaic-600x362.jpg 600w, https:\/\/ceramic.md\/wp-content\/uploads\/2021\/01\/ceramic.md-nairobi-mosaic-663x400.jpg 663w, https:\/\/ceramic.md\/wp-content\/uploads\/2021\/01\/ceramic.md-nairobi-mosaic-400x241.jpg 400w, https:\/\/ceramic.md\/wp-content\/uploads\/2021\/01\/ceramic.md-nairobi-mosaic-768x463.jpg 768w, https:\/\/ceramic.md\/wp-content\/uploads\/2021\/01\/ceramic.md-nairobi-mosaic.jpg 1000w\" sizes=\"(max-width: 300px) 100vw, 300px\" \/>\t\t\t\t<\/a>\n\t\t\t<\/div>\n\t\t\t<div class=\"image-tools is-small top right show-on-hover\">\n\t\t\t\t\t\t\t<\/div>\n\t\t\t<div class=\"image-tools is-small hide-for-small bottom left show-on-hover\">\n\t\t\t\t\t\t\t<\/div>\n\t\t\t<div class=\"image-tools grid-tools text-center hide-for-small bottom hover-slide-in show-on-hover\">\n\t\t\t\t\t\t\t<\/div>\n\t\t\t\t\t<\/div>\n\n\t\t<div class=\"box-text box-text-products text-center grid-style-2\">\n\t\t\tFaian\u021b\u0103<div class=\"title-wrapper\"><p itemprop=\"name\" class=\"product_title entry-title\">Spania<\/p><\/div><div class=\"price-wrapper\"><\/div>\t\t<\/div>\n\t<\/div>\n\t\t<\/div>\n<\/div>\n<div class=\"product-small col has-hover product type-product post-6670 status-publish instock product_cat-faianta product_cat-teracota has-post-thumbnail shipping-taxable product-type-simple\">\n\t<div class=\"col-inner\">\n\t\n<div class=\"badge-container absolute left top z-1\">\n<\/div>\n\t<div class=\"product-small box \">\n\t\t<div class=\"box-image\">\n\t\t\t<div class=\"image-zoom\">\n\t\t\t\t<a href=\"https:\/\/ceramic.md\/ro\/product\/nairobi-waves-blanco\/\" aria-label=\"33,3x55cm Nairobi Waves Blanco\">\n\t\t\t\t\t<img width=\"300\" height=\"181\" src=\"https:\/\/ceramic.md\/wp-content\/uploads\/2021\/01\/ceramic.md-nairobi-waves-300x181.jpg\" class=\"attachment-woocommerce_thumbnail size-woocommerce_thumbnail\" alt=\"Nairobi Waves Blanco\" srcset=\"https:\/\/ceramic.md\/wp-content\/uploads\/2021\/01\/ceramic.md-nairobi-waves-300x181.jpg 300w, https:\/\/ceramic.md\/wp-content\/uploads\/2021\/01\/ceramic.md-nairobi-waves-600x361.jpg 600w, https:\/\/ceramic.md\/wp-content\/uploads\/2021\/01\/ceramic.md-nairobi-waves-664x400.jpg 664w, https:\/\/ceramic.md\/wp-content\/uploads\/2021\/01\/ceramic.md-nairobi-waves-400x241.jpg 400w, https:\/\/ceramic.md\/wp-content\/uploads\/2021\/01\/ceramic.md-nairobi-waves-768x462.jpg 768w, https:\/\/ceramic.md\/wp-content\/uploads\/2021\/01\/ceramic.md-nairobi-waves.jpg 1000w\" sizes=\"(max-width: 300px) 100vw, 300px\" \/>\t\t\t\t<\/a>\n\t\t\t<\/div>\n\t\t\t<div class=\"image-tools is-small top right show-on-hover\">\n\t\t\t\t\t\t\t<\/div>\n\t\t\t<div class=\"image-tools is-small hide-for-small bottom left show-on-hover\">\n\t\t\t\t\t\t\t<\/div>\n\t\t\t<div class=\"image-tools grid-tools text-center hide-for-small bottom hover-slide-in show-on-hover\">\n\t\t\t\t\t\t\t<\/div>\n\t\t\t\t\t<\/div>\n\n\t\t<div class=\"box-text box-text-products text-center grid-style-2\">\n\t\t\tFaian\u021b\u0103<div class=\"title-wrapper\"><p itemprop=\"name\" class=\"product_title entry-title\">Spania<\/p><\/div><div class=\"price-wrapper\"><\/div>\t\t<\/div>\n\t<\/div>\n\t\t<\/div>\n<\/div>\n<div class=\"product-small col has-hover product type-product post-6668 status-publish last instock product_cat-faianta product_cat-teracota has-post-thumbnail shipping-taxable product-type-simple\">\n\t<div class=\"col-inner\">\n\t\n<div class=\"badge-container absolute left top z-1\">\n<\/div>\n\t<div class=\"product-small box \">\n\t\t<div class=\"box-image\">\n\t\t\t<div class=\"image-zoom\">\n\t\t\t\t<a href=\"https:\/\/ceramic.md\/ro\/product\/mombasa-gris\/\" aria-label=\"33,3x55cm Mombasa Gris\">\n\t\t\t\t\t<img width=\"300\" height=\"181\" src=\"https:\/\/ceramic.md\/wp-content\/uploads\/2021\/01\/ceramic.md-mombasa-gris-300x181.jpg\" class=\"attachment-woocommerce_thumbnail size-woocommerce_thumbnail\" alt=\"Mombasa Gris\" srcset=\"https:\/\/ceramic.md\/wp-content\/uploads\/2021\/01\/ceramic.md-mombasa-gris-300x181.jpg 300w, https:\/\/ceramic.md\/wp-content\/uploads\/2021\/01\/ceramic.md-mombasa-gris-600x362.jpg 600w, https:\/\/ceramic.md\/wp-content\/uploads\/2021\/01\/ceramic.md-mombasa-gris-663x400.jpg 663w, https:\/\/ceramic.md\/wp-content\/uploads\/2021\/01\/ceramic.md-mombasa-gris-400x241.jpg 400w, https:\/\/ceramic.md\/wp-content\/uploads\/2021\/01\/ceramic.md-mombasa-gris-768x463.jpg 768w, https:\/\/ceramic.md\/wp-content\/uploads\/2021\/01\/ceramic.md-mombasa-gris.jpg 1000w\" sizes=\"(max-width: 300px) 100vw, 300px\" \/>\t\t\t\t<\/a>\n\t\t\t<\/div>\n\t\t\t<div class=\"image-tools is-small top right show-on-hover\">\n\t\t\t\t\t\t\t<\/div>\n\t\t\t<div class=\"image-tools is-small hide-for-small bottom left show-on-hover\">\n\t\t\t\t\t\t\t<\/div>\n\t\t\t<div class=\"image-tools grid-tools text-center hide-for-small bottom hover-slide-in show-on-hover\">\n\t\t\t\t\t\t\t<\/div>\n\t\t\t\t\t<\/div>\n\n\t\t<div class=\"box-text box-text-products text-center grid-style-2\">\n\t\t\tFaian\u021b\u0103<div class=\"title-wrapper\"><p itemprop=\"name\" class=\"product_title entry-title\">Spania<\/p><\/div><div class=\"price-wrapper\"><\/div>\t\t<\/div>\n\t<\/div>\n\t\t<\/div>\n<\/div>\n<div class=\"product-small col has-hover product type-product post-6666 status-publish first instock product_cat-faianta product_cat-teracota has-post-thumbnail shipping-taxable product-type-simple\">\n\t<div class=\"col-inner\">\n\t\n<div class=\"badge-container absolute left top z-1\">\n<\/div>\n\t<div class=\"product-small box \">\n\t\t<div class=\"box-image\">\n\t\t\t<div class=\"image-zoom\">\n\t\t\t\t<a href=\"https:\/\/ceramic.md\/ro\/product\/nairobi-blanco\/\" aria-label=\"33,3x55cm Nairobi Blanco\">\n\t\t\t\t\t<img width=\"300\" height=\"181\" src=\"https:\/\/ceramic.md\/wp-content\/uploads\/2021\/01\/ceramic.md-nairobi-blanco-300x181.jpg\" class=\"attachment-woocommerce_thumbnail size-woocommerce_thumbnail\" alt=\"Nairobi Blanco\" srcset=\"https:\/\/ceramic.md\/wp-content\/uploads\/2021\/01\/ceramic.md-nairobi-blanco-300x181.jpg 300w, https:\/\/ceramic.md\/wp-content\/uploads\/2021\/01\/ceramic.md-nairobi-blanco-600x361.jpg 600w, https:\/\/ceramic.md\/wp-content\/uploads\/2021\/01\/ceramic.md-nairobi-blanco-664x400.jpg 664w, https:\/\/ceramic.md\/wp-content\/uploads\/2021\/01\/ceramic.md-nairobi-blanco-400x241.jpg 400w, https:\/\/ceramic.md\/wp-content\/uploads\/2021\/01\/ceramic.md-nairobi-blanco-768x462.jpg 768w, https:\/\/ceramic.md\/wp-content\/uploads\/2021\/01\/ceramic.md-nairobi-blanco.jpg 1000w\" sizes=\"(max-width: 300px) 100vw, 300px\" \/>\t\t\t\t<\/a>\n\t\t\t<\/div>\n\t\t\t<div class=\"image-tools is-small top right show-on-hover\">\n\t\t\t\t\t\t\t<\/div>\n\t\t\t<div class=\"image-tools is-small hide-for-small bottom left show-on-hover\">\n\t\t\t\t\t\t\t<\/div>\n\t\t\t<div class=\"image-tools grid-tools text-center hide-for-small bottom hover-slide-in show-on-hover\">\n\t\t\t\t\t\t\t<\/div>\n\t\t\t\t\t<\/div>\n\n\t\t<div class=\"box-text box-text-products text-center grid-style-2\">\n\t\t\tFaian\u021b\u0103<div class=\"title-wrapper\"><p itemprop=\"name\" class=\"product_title entry-title\">Spania<\/p><\/div><div class=\"price-wrapper\"><\/div>\t\t<\/div>\n\t<\/div>\n\t\t<\/div>\n<\/div>\n<\/div><!-- row --><\/div>\n<p style=\"text-align: center;\">\n<h4>\u0421olec\u021bie de teracot\u0103 din ceramica Nairobi de la fabrica spaniol\u0103 <a href=\"https:\/\/www.ecoceramic.es\/\" target=\"_blank\" rel=\"noopener\">Ecoceramic<\/a> pentru decorarea pere\u021bilor \u00een interior.<\/h4>\n<p><a href=\"https:\/\/ceramic.md\/ro\/product-category\/teracota\/?filter_producator=spania\">Teracota spaniol\u0103<\/a> a fost \u00eentotdeauna renumite pentru calitatea, precum \u0219i pentru stilul unic \u0219i inimitabil. Gresie \u0219i faian\u021ba din Spania au devenit recunoscute \u0219i iubite nu numai de designeri, ci \u0219i de oamenii cu gust bun.<\/p>\n<p>Nu uita\u021bi c\u0103 argila utilizat\u0103 la producerea pl\u0103cilor de c\u0103tre fabricile spaniole este semnificativ diferit\u0103 ca puritate \u0219i densitate de cea utilizat\u0103 de fabricile din alte \u021b\u0103ri.<\/p>\n<p>Ast\u0103zi, Valencia nu \u00een zadar este considerat\u0103 centrul modei de teracot\u0103 din ceramica \u0219i por\u021belanat, deoarece fabricile spaniole sunt lideri \u00een produc\u021bia de teracot\u0103 elegant\u0103 \u0219i de calitate \u00eenalt\u0103 de mul\u021bi ani. Designerii spanioli sunt cei care stabilesc tendin\u021bele pentru \u00eentreaga lume.<\/p>\n<p><img class=\"wp-image-9095 aligncenter\" src=\"https:\/\/ceramic.md\/wp-content\/uploads\/2021\/05\/ecoceramic-logo-800x334.jpg\" alt=\"\" width=\"225\" height=\"94\" srcset=\"https:\/\/ceramic.md\/wp-content\/uploads\/2021\/05\/ecoceramic-logo-800x334.jpg 800w, https:\/\/ceramic.md\/wp-content\/uploads\/2021\/05\/ecoceramic-logo-300x125.jpg 300w, https:\/\/ceramic.md\/wp-content\/uploads\/2021\/05\/ecoceramic-logo-600x251.jpg 600w, https:\/\/ceramic.md\/wp-content\/uploads\/2021\/05\/ecoceramic-logo-1400x585.jpg 1400w, https:\/\/ceramic.md\/wp-content\/uploads\/2021\/05\/ecoceramic-logo-400x167.jpg 400w, https:\/\/ceramic.md\/wp-content\/uploads\/2021\/05\/ecoceramic-logo-768x321.jpg 768w, https:\/\/ceramic.md\/wp-content\/uploads\/2021\/05\/ecoceramic-logo-1536x641.jpg 1536w, https:\/\/ceramic.md\/wp-content\/uploads\/2021\/05\/ecoceramic-logo.jpg 1600w\" sizes=\"(max-width: 225px) 100vw, 225px\"><\/p>\n<p>Fabrica Ecoceramic este o companie relativ t\u00e2n\u0103r\u0103 \u00eenfiin\u021bat\u0103 \u00een 2009, care se dezvolt\u0103 rapid pe pia\u021ba intern\u0103 \u0219i interna\u021bional\u0103 \u00een ultimii ani. Fabrica \u00ee\u0219i adapteaz\u0103 produsele \u00een func\u021bie de nevoile estetice ale fiec\u0103rei \u021b\u0103ri, respect\u00e2nd \u00een acela\u0219i timp progresul ecologic. Obiectivele fabricii sunt simple:<\/p>\n<ul>\n<li>\u00a0de oferit cump\u0103r\u0103torilor un produs de \u00eenalt\u0103 calitate la un pre\u021b competitiv;<\/li>\n<li>\u00a0de dezvolta un design folosind cele mai noi tehnologii digitale, adaptate nevoilor clien\u021bilor;<\/li>\n<li>\u00a0de crea, \u00een mod permanent, noi colec\u021bii care vor permite s\u0103 fim \u00een fruntea industriei de teracot\u0103.<\/li>\n<\/ul>\n<p>\u0421olec\u021bie de teracot\u0103 din ceramica Nairobi pentru decorarea pere\u021bilor \u00een interior. Faian\u021ba poate fi folosit\u0103 \u00een baie, sufragerie \u0219i buc\u0103t\u0103rie, precum \u0219i pentru decorarea altor elemente interioare. Marmura clasic\u0103 \u00een tonuri de alb \u0219i negru, combinat\u0103 cu decoruri de valuri \u0219i mozaic, se armonizeaz\u0103 perfect \u0219i creeaz\u0103 o atmosfer\u0103 pl\u0103cut\u0103 \u0219i ginga\u0219\u0103.<\/p>\n<p>Faian\u021b\u0103 este realizat\u0103 din lut ro\u0219u \u00een dimensiunea 33,3&#215;55 cm, grosimea ei este de 8 mm. U\u0219or de t\u0103iat \u0219i g\u0103urit, nu necesit\u0103 echipamente scumpe atunci c\u00e2nd pune\u021bi.<\/p>\n\n<p>&nbsp;<\/p>","protected":false},"excerpt":{"rendered":"<p>Colec\u021bie de teracot\u0103 baie, buc\u0103t\u0103rie, sufragerie de la <strong>Ecoceramic,<\/strong> Spania<\/p>\n","protected":false},"featured_media":6665,"template":"","meta":[],"product_cat":[287,723,724],"product_tag":[],"_links":{"self":[{"href":"https:\/\/ceramic.md\/ro\/wp-json\/wp\/v2\/product\/6664"}],"collection":[{"href":"https:\/\/ceramic.md\/ro\/wp-json\/wp\/v2\/product"}],"about":[{"href":"https:\/\/ceramic.md\/ro\/wp-json\/wp\/v2\/types\/product"}],"wp:featuredmedia":[{"embeddable":true,"href":"https:\/\/ceramic.md\/ro\/wp-json\/wp\/v2\/media\/6665"}],"wp:attachment":[{"href":"https:\/\/ceramic.md\/ro\/wp-json\/wp\/v2\/media?parent=6664"}],"wp:term":[{"taxonomy":"product_cat","embeddable":true,"href":"https:\/\/ceramic.md\/ro\/wp-json\/wp\/v2\/product_cat?post=6664"},{"taxonomy":"product_tag","embeddable":true,"href":"https:\/\/ceramic.md\/ro\/wp-json\/wp\/v2\/product_tag?post=6664"}],"curies":[{"name":"wp","href":"https:\/\/api.w.org\/{rel}","templated":true}]}}