{"id":6784,"date":"2020-10-03T18:30:21","date_gmt":"2020-10-03T15:30:21","guid":{"rendered":"https:\/\/ceramic.md\/?post_type=product&#038;p=6784"},"modified":"2025-07-29T14:35:26","modified_gmt":"2025-07-29T11:35:26","slug":"colectie-louvre-gris","status":"publish","type":"product","link":"https:\/\/ceramic.md\/ro\/product\/colectie-louvre-gris\/","title":{"rendered":"Colec\u021bie Louvre Gris"},"content":{"rendered":"<div class=\"container section-title-container\" ><h3 class=\"section-title section-title-bold-center\"><b><\/b><span class=\"section-title-main\" style=\"color:rgb(0, 0, 0);\">Compozi\u021bia colec\u021biei de teracot\u0103<\/span><b><\/b><\/h3><\/div>\n\n<p style=\"text-align: center;\"><div class=\"woocommerce columns-3 \"><span class=\"wpfHidden\" data-shortcode-attribute=\"{&quot;limit&quot;:&quot;12&quot;,&quot;columns&quot;:&quot;3&quot;,&quot;rows&quot;:&quot;&quot;,&quot;orderby&quot;:&quot;date&quot;,&quot;order&quot;:&quot;&quot;,&quot;ids&quot;:&quot;6789,6787,6794,6795,6796,14064&quot;,&quot;skus&quot;:&quot;&quot;,&quot;category&quot;:&quot;&quot;,&quot;cat_operator&quot;:&quot;IN&quot;,&quot;attribute&quot;:&quot;&quot;,&quot;terms&quot;:&quot;&quot;,&quot;terms_operator&quot;:&quot;IN&quot;,&quot;tag&quot;:&quot;&quot;,&quot;tag_operator&quot;:&quot;IN&quot;,&quot;visibility&quot;:&quot;visible&quot;,&quot;class&quot;:&quot;&quot;,&quot;page&quot;:1,&quot;paginate&quot;:false,&quot;cache&quot;:false}\"><\/span><div class=\"products row row-small large-columns-3 medium-columns-3 small-columns-2 has-shadow row-box-shadow-2 row-box-shadow-3-hover\">\n<div class=\"product-small col has-hover product type-product post-6796 status-publish first instock product_cat-faianta product_cat-teracota has-post-thumbnail featured shipping-taxable product-type-simple\">\n\t<div class=\"col-inner\">\n\t\n<div class=\"badge-container absolute left top z-1\">\n<\/div>\n\t<div class=\"product-small box \">\n\t\t<div class=\"box-image\">\n\t\t\t<div class=\"image-zoom\">\n\t\t\t\t<a href=\"https:\/\/ceramic.md\/ro\/product\/rlv-louvre-gris\/\" aria-label=\"25x70cm RLV Louvre Gris\">\n\t\t\t\t\t<img width=\"300\" height=\"107\" src=\"https:\/\/ceramic.md\/wp-content\/uploads\/2021\/01\/ceramic.md-rlv-louvre-gris-300x107.jpg\" class=\"attachment-woocommerce_thumbnail size-woocommerce_thumbnail\" alt=\"RLV Louvre Gris\" srcset=\"https:\/\/ceramic.md\/wp-content\/uploads\/2021\/01\/ceramic.md-rlv-louvre-gris-300x107.jpg 300w, https:\/\/ceramic.md\/wp-content\/uploads\/2021\/01\/ceramic.md-rlv-louvre-gris-600x214.jpg 600w, https:\/\/ceramic.md\/wp-content\/uploads\/2021\/01\/ceramic.md-rlv-louvre-gris-800x285.jpg 800w, https:\/\/ceramic.md\/wp-content\/uploads\/2021\/01\/ceramic.md-rlv-louvre-gris-1400x499.jpg 1400w, https:\/\/ceramic.md\/wp-content\/uploads\/2021\/01\/ceramic.md-rlv-louvre-gris-400x143.jpg 400w, https:\/\/ceramic.md\/wp-content\/uploads\/2021\/01\/ceramic.md-rlv-louvre-gris-768x274.jpg 768w, https:\/\/ceramic.md\/wp-content\/uploads\/2021\/01\/ceramic.md-rlv-louvre-gris-1536x548.jpg 1536w, https:\/\/ceramic.md\/wp-content\/uploads\/2021\/01\/ceramic.md-rlv-louvre-gris-2048x730.jpg 2048w\" sizes=\"(max-width: 300px) 100vw, 300px\" \/>\t\t\t\t<\/a>\n\t\t\t<\/div>\n\t\t\t<div class=\"image-tools is-small top right show-on-hover\">\n\t\t\t\t\t\t\t<\/div>\n\t\t\t<div class=\"image-tools is-small hide-for-small bottom left show-on-hover\">\n\t\t\t\t\t\t\t<\/div>\n\t\t\t<div class=\"image-tools grid-tools text-center hide-for-small bottom hover-slide-in show-on-hover\">\n\t\t\t\t\t\t\t<\/div>\n\t\t\t\t\t<\/div>\n\n\t\t<div class=\"box-text box-text-products text-center grid-style-2\">\n\t\t\tFaian\u021b\u0103<div class=\"title-wrapper\"><p itemprop=\"name\" class=\"product_title entry-title\">Spania<\/p><\/div><div class=\"price-wrapper\"><\/div>\t\t<\/div>\n\t<\/div>\n\t\t<\/div>\n<\/div>\n<div class=\"product-small col has-hover product type-product post-6795 status-publish instock product_cat-faianta product_cat-teracota has-post-thumbnail shipping-taxable product-type-simple\">\n\t<div class=\"col-inner\">\n\t\n<div class=\"badge-container absolute left top z-1\">\n<\/div>\n\t<div class=\"product-small box \">\n\t\t<div class=\"box-image\">\n\t\t\t<div class=\"image-zoom\">\n\t\t\t\t<a href=\"https:\/\/ceramic.md\/ro\/product\/decor-louvre-gris\/\" aria-label=\"25x70cm Decor Louvre Gris\">\n\t\t\t\t\t<img width=\"300\" height=\"107\" src=\"https:\/\/ceramic.md\/wp-content\/uploads\/2021\/01\/ceramic.md-decor-louvre-gris-300x107.jpg\" class=\"attachment-woocommerce_thumbnail size-woocommerce_thumbnail\" alt=\"Decor Louvre Gris\" srcset=\"https:\/\/ceramic.md\/wp-content\/uploads\/2021\/01\/ceramic.md-decor-louvre-gris-300x107.jpg 300w, https:\/\/ceramic.md\/wp-content\/uploads\/2021\/01\/ceramic.md-decor-louvre-gris-600x215.jpg 600w, https:\/\/ceramic.md\/wp-content\/uploads\/2021\/01\/ceramic.md-decor-louvre-gris-800x286.jpg 800w, https:\/\/ceramic.md\/wp-content\/uploads\/2021\/01\/ceramic.md-decor-louvre-gris-1400x501.jpg 1400w, https:\/\/ceramic.md\/wp-content\/uploads\/2021\/01\/ceramic.md-decor-louvre-gris-400x143.jpg 400w, https:\/\/ceramic.md\/wp-content\/uploads\/2021\/01\/ceramic.md-decor-louvre-gris-768x275.jpg 768w, https:\/\/ceramic.md\/wp-content\/uploads\/2021\/01\/ceramic.md-decor-louvre-gris-1536x550.jpg 1536w, https:\/\/ceramic.md\/wp-content\/uploads\/2021\/01\/ceramic.md-decor-louvre-gris-2048x733.jpg 2048w\" sizes=\"(max-width: 300px) 100vw, 300px\" \/>\t\t\t\t<\/a>\n\t\t\t<\/div>\n\t\t\t<div class=\"image-tools is-small top right show-on-hover\">\n\t\t\t\t\t\t\t<\/div>\n\t\t\t<div class=\"image-tools is-small hide-for-small bottom left show-on-hover\">\n\t\t\t\t\t\t\t<\/div>\n\t\t\t<div class=\"image-tools grid-tools text-center hide-for-small bottom hover-slide-in show-on-hover\">\n\t\t\t\t\t\t\t<\/div>\n\t\t\t\t\t<\/div>\n\n\t\t<div class=\"box-text box-text-products text-center grid-style-2\">\n\t\t\tFaian\u021b\u0103<div class=\"title-wrapper\"><p itemprop=\"name\" class=\"product_title entry-title\">Spania<\/p><\/div><div class=\"price-wrapper\"><\/div>\t\t<\/div>\n\t<\/div>\n\t\t<\/div>\n<\/div>\n<div class=\"product-small col has-hover product type-product post-6794 status-publish last instock product_cat-faianta product_cat-teracota has-post-thumbnail shipping-taxable product-type-simple\">\n\t<div class=\"col-inner\">\n\t\n<div class=\"badge-container absolute left top z-1\">\n<\/div>\n\t<div class=\"product-small box \">\n\t\t<div class=\"box-image\">\n\t\t\t<div class=\"image-zoom\">\n\t\t\t\t<a href=\"https:\/\/ceramic.md\/ro\/product\/louvre-gris\/\" aria-label=\"25x70cm Louvre Gris\">\n\t\t\t\t\t<img width=\"300\" height=\"107\" src=\"https:\/\/ceramic.md\/wp-content\/uploads\/2021\/01\/ceramic.md-louvre-gris-300x107.jpg\" class=\"attachment-woocommerce_thumbnail size-woocommerce_thumbnail\" alt=\"Louvre Gris\" srcset=\"https:\/\/ceramic.md\/wp-content\/uploads\/2021\/01\/ceramic.md-louvre-gris-300x107.jpg 300w, https:\/\/ceramic.md\/wp-content\/uploads\/2021\/01\/ceramic.md-louvre-gris-600x214.jpg 600w, https:\/\/ceramic.md\/wp-content\/uploads\/2021\/01\/ceramic.md-louvre-gris-800x285.jpg 800w, https:\/\/ceramic.md\/wp-content\/uploads\/2021\/01\/ceramic.md-louvre-gris-1400x499.jpg 1400w, https:\/\/ceramic.md\/wp-content\/uploads\/2021\/01\/ceramic.md-louvre-gris-400x143.jpg 400w, https:\/\/ceramic.md\/wp-content\/uploads\/2021\/01\/ceramic.md-louvre-gris-768x274.jpg 768w, https:\/\/ceramic.md\/wp-content\/uploads\/2021\/01\/ceramic.md-louvre-gris-1536x548.jpg 1536w, https:\/\/ceramic.md\/wp-content\/uploads\/2021\/01\/ceramic.md-louvre-gris.jpg 2000w\" sizes=\"(max-width: 300px) 100vw, 300px\" \/>\t\t\t\t<\/a>\n\t\t\t<\/div>\n\t\t\t<div class=\"image-tools is-small top right show-on-hover\">\n\t\t\t\t\t\t\t<\/div>\n\t\t\t<div class=\"image-tools is-small hide-for-small bottom left show-on-hover\">\n\t\t\t\t\t\t\t<\/div>\n\t\t\t<div class=\"image-tools grid-tools text-center hide-for-small bottom hover-slide-in show-on-hover\">\n\t\t\t\t\t\t\t<\/div>\n\t\t\t\t\t<\/div>\n\n\t\t<div class=\"box-text box-text-products text-center grid-style-2\">\n\t\t\tFaian\u021b\u0103<div class=\"title-wrapper\"><p itemprop=\"name\" class=\"product_title entry-title\">Spania<\/p><\/div><div class=\"price-wrapper\"><\/div>\t\t<\/div>\n\t<\/div>\n\t\t<\/div>\n<\/div>\n<div class=\"product-small col has-hover product type-product post-6787 status-publish first instock product_cat-faianta product_cat-teracota has-post-thumbnail shipping-taxable product-type-simple\">\n\t<div class=\"col-inner\">\n\t\n<div class=\"badge-container absolute left top z-1\">\n<\/div>\n\t<div class=\"product-small box \">\n\t\t<div class=\"box-image\">\n\t\t\t<div class=\"image-zoom\">\n\t\t\t\t<a href=\"https:\/\/ceramic.md\/ro\/product\/louvre-perla\/\" aria-label=\"25x70cm Louvre Perla\">\n\t\t\t\t\t<img width=\"300\" height=\"107\" src=\"https:\/\/ceramic.md\/wp-content\/uploads\/2021\/01\/ceramic.md-louvre-perla-300x107.jpg\" class=\"attachment-woocommerce_thumbnail size-woocommerce_thumbnail\" alt=\"Louvre Perla\" srcset=\"https:\/\/ceramic.md\/wp-content\/uploads\/2021\/01\/ceramic.md-louvre-perla-300x107.jpg 300w, https:\/\/ceramic.md\/wp-content\/uploads\/2021\/01\/ceramic.md-louvre-perla-600x214.jpg 600w, https:\/\/ceramic.md\/wp-content\/uploads\/2021\/01\/ceramic.md-louvre-perla-800x286.jpg 800w, https:\/\/ceramic.md\/wp-content\/uploads\/2021\/01\/ceramic.md-louvre-perla-1400x500.jpg 1400w, https:\/\/ceramic.md\/wp-content\/uploads\/2021\/01\/ceramic.md-louvre-perla-400x143.jpg 400w, https:\/\/ceramic.md\/wp-content\/uploads\/2021\/01\/ceramic.md-louvre-perla-768x274.jpg 768w\" sizes=\"(max-width: 300px) 100vw, 300px\" \/>\t\t\t\t<\/a>\n\t\t\t<\/div>\n\t\t\t<div class=\"image-tools is-small top right show-on-hover\">\n\t\t\t\t\t\t\t<\/div>\n\t\t\t<div class=\"image-tools is-small hide-for-small bottom left show-on-hover\">\n\t\t\t\t\t\t\t<\/div>\n\t\t\t<div class=\"image-tools grid-tools text-center hide-for-small bottom hover-slide-in show-on-hover\">\n\t\t\t\t\t\t\t<\/div>\n\t\t\t\t\t<\/div>\n\n\t\t<div class=\"box-text box-text-products text-center grid-style-2\">\n\t\t\tFaian\u021b\u0103<div class=\"title-wrapper\"><p itemprop=\"name\" class=\"product_title entry-title\">Spania<\/p><\/div><div class=\"price-wrapper\"><\/div>\t\t<\/div>\n\t<\/div>\n\t\t<\/div>\n<\/div>\n<\/div><!-- row --><\/div>\n<p style=\"text-align: center;\">\n<h4>\u0421olec\u021bie de teracot\u0103 din ceramica Louvre Gris de la fabrica spaniol\u0103 <a href=\"https:\/\/www.ecoceramic.es\/\" target=\"_blank\" rel=\"noopener\">Ecoceramic<\/a> pentru decorarea pere\u021bilor \u00een interior.<\/h4>\n<p><a href=\"https:\/\/ceramic.md\/ro\/product-category\/teracota\/?filter_producator=spania\">Teracota spaniol\u0103<\/a> a fost \u00eentotdeauna renumite pentru calitatea, precum \u0219i pentru stilul unic \u0219i inimitabil. Gresie \u0219i faian\u021ba din Spania au devenit recunoscute \u0219i iubite nu numai de designeri, ci \u0219i de oamenii cu gust bun.<\/p>\n<p>Nu uita\u021bi c\u0103 argila utilizat\u0103 la producerea pl\u0103cilor de c\u0103tre fabricile spaniole este semnificativ diferit\u0103 ca puritate \u0219i densitate de cea utilizat\u0103 de fabricile din alte \u021b\u0103ri.<\/p>\n<p>Ast\u0103zi, Valencia nu \u00een zadar este considerat\u0103 centrul modei de teracot\u0103 din ceramica \u0219i por\u021belanat, deoarece fabricile spaniole sunt lideri \u00een produc\u021bia de teracot\u0103 elegant\u0103 \u0219i de calitate \u00eenalt\u0103 de mul\u021bi ani. Designerii spanioli sunt cei care stabilesc tendin\u021bele pentru \u00eentreaga lume.<\/p>\n<p><img class=\"wp-image-9095 aligncenter\" src=\"https:\/\/ceramic.md\/wp-content\/uploads\/2021\/05\/ecoceramic-logo-800x334.jpg\" alt=\"\" width=\"225\" height=\"94\" srcset=\"https:\/\/ceramic.md\/wp-content\/uploads\/2021\/05\/ecoceramic-logo-800x334.jpg 800w, https:\/\/ceramic.md\/wp-content\/uploads\/2021\/05\/ecoceramic-logo-300x125.jpg 300w, https:\/\/ceramic.md\/wp-content\/uploads\/2021\/05\/ecoceramic-logo-600x251.jpg 600w, https:\/\/ceramic.md\/wp-content\/uploads\/2021\/05\/ecoceramic-logo-1400x585.jpg 1400w, https:\/\/ceramic.md\/wp-content\/uploads\/2021\/05\/ecoceramic-logo-400x167.jpg 400w, https:\/\/ceramic.md\/wp-content\/uploads\/2021\/05\/ecoceramic-logo-768x321.jpg 768w, https:\/\/ceramic.md\/wp-content\/uploads\/2021\/05\/ecoceramic-logo-1536x641.jpg 1536w, https:\/\/ceramic.md\/wp-content\/uploads\/2021\/05\/ecoceramic-logo.jpg 1600w\" sizes=\"(max-width: 225px) 100vw, 225px\"><\/p>\n<p>Fabrica Ecoceramic este o companie relativ t\u00e2n\u0103r\u0103 \u00eenfiin\u021bat\u0103 \u00een 2009, care se dezvolt\u0103 rapid pe pia\u021ba intern\u0103 \u0219i interna\u021bional\u0103 \u00een ultimii ani. Fabrica \u00ee\u0219i adapteaz\u0103 produsele \u00een func\u021bie de nevoile estetice ale fiec\u0103rei \u021b\u0103ri, respect\u00e2nd \u00een acela\u0219i timp progresul ecologic. Obiectivele fabricii sunt simple:<\/p>\n<ul>\n<li>\u00a0de oferit cump\u0103r\u0103torilor un produs de \u00eenalt\u0103 calitate la un pre\u021b competitiv;<\/li>\n<li>\u00a0de dezvolta un design folosind cele mai noi tehnologii digitale, adaptate nevoilor clien\u021bilor;<\/li>\n<li>\u00a0de crea, \u00een mod permanent, noi colec\u021bii care vor permite s\u0103 fim \u00een fruntea industriei de teracot\u0103.<\/li>\n<\/ul>\n<p>\u0421olec\u021bie de teracot\u0103 din ceramica Louvre Gris pentru decorarea suprafe\u021belor \u00een interior. Faian\u021ba poate fi folosit\u0103 \u00een baie, sufragerie \u0219i buc\u0103t\u0103rie, precum \u0219i pentru decorarea altor elemente interioare. Imita\u021bia pietrei naturale, ca \u0219i \u00een colec\u021bia prezentat\u0103, arat\u0103 \u00eentotdeauna relevant\u0103 \u0219i la mod\u0103. Tonurile lini\u0219titoare ale pl\u0103cilor nu obosesc ochii \u0219i creeaz\u0103 confort \u00een interior.<\/p>\n<p>Faian\u021b\u0103 este realizat\u0103 din lut ro\u0219u \u00een dimensiunea 25&#215;70 cm, grosimea ei este de 8 mm. U\u0219or de t\u0103iat \u0219i g\u0103urit, nu necesit\u0103 echipamente scumpe atunci c\u00e2nd pune\u021bi.<\/p>\n\n\n<div class=\"container section-title-container\" ><h3 class=\"section-title section-title-bold-center\"><b><\/b><span class=\"section-title-main\" style=\"color:rgb(0, 0, 0);\">\u00cen alte culori<\/span><b><\/b><\/h3><\/div>\n\n  <div class=\"banner has-hover\" id=\"banner-1740691347\">\n          <div class=\"banner-inner fill\">\n        <div class=\"banner-bg fill\" >\n            <div class=\"bg fill bg-fill \"><\/div>\n                                    \n                    <\/div>\n\t\t\n        <div class=\"banner-layers container\">\n            <div class=\"fill banner-link\"><\/div>            \n   <div id=\"text-box-1440012051\" class=\"text-box banner-layer x5 md-x5 lg-x5 y95 md-y95 lg-y95 res-text\">\n                                <div class=\"text-box-content text box-shadow-3\">\n              \n              <div class=\"text-inner text-center\">\n                  \n<h3 style=\"text-align: center;\"><strong>COLEC\u021aIE LOUVRE MARRON<\/strong><\/h3>\n<a href=\"https:\/\/ceramic.md\/product\/colectie-louvre-marron\" target=\"_self\" class=\"button primary is-gloss is-larger box-shadow-3 expand\" style=\"border-radius:5px;\">\n    <span>TRECE\u021aI<\/span>\n  <i class=\"icon-angle-right\" ><\/i><\/a>\n\n              <\/div>\n           <\/div>\n                            \n<style>\n#text-box-1440012051 .text-box-content {\n  background-color: rgba(255, 255, 255, 0.8);\n  font-size: 70%;\n}\n#text-box-1440012051 .text-inner {\n  padding: 30px 30px 30px 30px;\n}\n#text-box-1440012051 {\n  width: 50%;\n}\n@media (min-width:550px) {\n  #text-box-1440012051 {\n    width: 35%;\n  }\n  #text-box-1440012051 .text-box-content {\n    font-size: 100%;\n  }\n}\n<\/style>\n    <\/div>\n \n        <\/div>\n      <\/div>\n\n              <div class=\"height-fix is-invisible\"><img width=\"1020\" height=\"679\" src=\"https:\/\/ceramic.md\/wp-content\/uploads\/2021\/01\/ceramic.md-louvre--1201x800.jpg\" class=\"attachment-large size-large\" alt=\"Louvre Marron\" srcset=\"https:\/\/ceramic.md\/wp-content\/uploads\/2021\/01\/ceramic.md-louvre--1201x800.jpg 1201w, https:\/\/ceramic.md\/wp-content\/uploads\/2021\/01\/ceramic.md-louvre--300x200.jpg 300w, https:\/\/ceramic.md\/wp-content\/uploads\/2021\/01\/ceramic.md-louvre--600x400.jpg 600w, https:\/\/ceramic.md\/wp-content\/uploads\/2021\/01\/ceramic.md-louvre--400x267.jpg 400w, https:\/\/ceramic.md\/wp-content\/uploads\/2021\/01\/ceramic.md-louvre--768x512.jpg 768w, https:\/\/ceramic.md\/wp-content\/uploads\/2021\/01\/ceramic.md-louvre--1536x1023.jpg 1536w, https:\/\/ceramic.md\/wp-content\/uploads\/2021\/01\/ceramic.md-louvre-.jpg 1624w\" sizes=\"(max-width: 1020px) 100vw, 1020px\" \/><\/div>\n            \n<style>\n#banner-1740691347 .bg.bg-loaded {\n  background-image: url(https:\/\/ceramic.md\/wp-content\/uploads\/2021\/01\/ceramic.md-louvre--1201x800.jpg);\n}\n#banner-1740691347 {\n  background-color: rgb(255, 255, 255);\n}\n#banner-1740691347 .ux-shape-divider--top svg {\n  height: 150px;\n  --divider-top-width: 100%;\n}\n#banner-1740691347 .ux-shape-divider--bottom svg {\n  height: 150px;\n  --divider-width: 100%;\n}\n<\/style>\n  <\/div>","protected":false},"excerpt":{"rendered":"<p>Colec\u021bie de teracot\u0103 baie, buc\u0103t\u0103rie, sufragerie de la <strong>Ecoceramic,<\/strong> Spania<\/p>\n","protected":false},"featured_media":6775,"template":"","meta":[],"product_cat":[287,723,724],"product_tag":[],"_links":{"self":[{"href":"https:\/\/ceramic.md\/ro\/wp-json\/wp\/v2\/product\/6784"}],"collection":[{"href":"https:\/\/ceramic.md\/ro\/wp-json\/wp\/v2\/product"}],"about":[{"href":"https:\/\/ceramic.md\/ro\/wp-json\/wp\/v2\/types\/product"}],"wp:featuredmedia":[{"embeddable":true,"href":"https:\/\/ceramic.md\/ro\/wp-json\/wp\/v2\/media\/6775"}],"wp:attachment":[{"href":"https:\/\/ceramic.md\/ro\/wp-json\/wp\/v2\/media?parent=6784"}],"wp:term":[{"taxonomy":"product_cat","embeddable":true,"href":"https:\/\/ceramic.md\/ro\/wp-json\/wp\/v2\/product_cat?post=6784"},{"taxonomy":"product_tag","embeddable":true,"href":"https:\/\/ceramic.md\/ro\/wp-json\/wp\/v2\/product_tag?post=6784"}],"curies":[{"name":"wp","href":"https:\/\/api.w.org\/{rel}","templated":true}]}}