{"id":8850,"date":"2020-12-08T23:10:52","date_gmt":"2020-12-08T21:10:52","guid":{"rendered":"https:\/\/ceramic.md\/?post_type=product&#038;p=8850"},"modified":"2024-06-12T11:38:18","modified_gmt":"2024-06-12T08:38:18","slug":"colectie-tabit","status":"publish","type":"product","link":"https:\/\/ceramic.md\/ro\/product\/colectie-tabit\/","title":{"rendered":"Colec\u021bie Tabit"},"content":{"rendered":"<div class=\"container section-title-container\" ><h3 class=\"section-title section-title-bold-center\"><b><\/b><span class=\"section-title-main\" style=\"color:rgb(0, 0, 0);\">Compozi\u021bia colec\u021biei de teracot\u0103<\/span><b><\/b><\/h3><\/div>\n\n<div class=\"woocommerce columns-3 \"><span class=\"wpfHidden\" data-shortcode-attribute=\"{&quot;limit&quot;:&quot;15&quot;,&quot;columns&quot;:&quot;3&quot;,&quot;rows&quot;:&quot;&quot;,&quot;orderby&quot;:&quot;date&quot;,&quot;order&quot;:&quot;&quot;,&quot;ids&quot;:&quot;8858,8857,8851,18418,18421&quot;,&quot;skus&quot;:&quot;&quot;,&quot;category&quot;:&quot;&quot;,&quot;cat_operator&quot;:&quot;IN&quot;,&quot;attribute&quot;:&quot;&quot;,&quot;terms&quot;:&quot;&quot;,&quot;terms_operator&quot;:&quot;IN&quot;,&quot;tag&quot;:&quot;&quot;,&quot;tag_operator&quot;:&quot;IN&quot;,&quot;visibility&quot;:&quot;visible&quot;,&quot;class&quot;:&quot;&quot;,&quot;page&quot;:1,&quot;paginate&quot;:false,&quot;cache&quot;:false}\"><\/span><div class=\"products row row-small large-columns-3 medium-columns-3 small-columns-2 has-shadow row-box-shadow-2 row-box-shadow-3-hover\">\n<div class=\"product-small col has-hover product type-product post-8858 status-publish first instock product_cat-faianta product_cat-teracota has-post-thumbnail shipping-taxable product-type-simple\">\n\t<div class=\"col-inner\">\n\t\n<div class=\"badge-container absolute left top z-1\">\n<\/div>\n\t<div class=\"product-small box \">\n\t\t<div class=\"box-image\">\n\t\t\t<div class=\"image-zoom\">\n\t\t\t\t<a href=\"https:\/\/ceramic.md\/ro\/product\/tabit-vt-gold-sat\/\" aria-label=\"25x75cm Tabit VT Gold Sat\">\n\t\t\t\t\t<img width=\"300\" height=\"100\" src=\"https:\/\/ceramic.md\/wp-content\/uploads\/2021\/05\/ceramic.md-25x75-tabit-vt-gold-sat-300x100.jpg\" class=\"attachment-woocommerce_thumbnail size-woocommerce_thumbnail\" alt=\"Tabit VT Gold Sat\" srcset=\"https:\/\/ceramic.md\/wp-content\/uploads\/2021\/05\/ceramic.md-25x75-tabit-vt-gold-sat-300x100.jpg 300w, https:\/\/ceramic.md\/wp-content\/uploads\/2021\/05\/ceramic.md-25x75-tabit-vt-gold-sat-600x200.jpg 600w, https:\/\/ceramic.md\/wp-content\/uploads\/2021\/05\/ceramic.md-25x75-tabit-vt-gold-sat-400x133.jpg 400w, https:\/\/ceramic.md\/wp-content\/uploads\/2021\/05\/ceramic.md-25x75-tabit-vt-gold-sat.jpg 640w\" sizes=\"(max-width: 300px) 100vw, 300px\" \/>\t\t\t\t<\/a>\n\t\t\t<\/div>\n\t\t\t<div class=\"image-tools is-small top right show-on-hover\">\n\t\t\t\t\t\t\t<\/div>\n\t\t\t<div class=\"image-tools is-small hide-for-small bottom left show-on-hover\">\n\t\t\t\t\t\t\t<\/div>\n\t\t\t<div class=\"image-tools grid-tools text-center hide-for-small bottom hover-slide-in show-on-hover\">\n\t\t\t\t\t\t\t<\/div>\n\t\t\t\t\t<\/div>\n\n\t\t<div class=\"box-text box-text-products text-center grid-style-2\">\n\t\t\tFaian\u021b\u0103<div class=\"title-wrapper\"><p itemprop=\"name\" class=\"product_title entry-title\">Spania<\/p><\/div><div class=\"price-wrapper\"><\/div>\t\t<\/div>\n\t<\/div>\n\t\t<\/div>\n<\/div>\n<div class=\"product-small col has-hover product type-product post-8857 status-publish instock product_cat-faianta product_cat-teracota has-post-thumbnail shipping-taxable product-type-simple\">\n\t<div class=\"col-inner\">\n\t\n<div class=\"badge-container absolute left top z-1\">\n<\/div>\n\t<div class=\"product-small box \">\n\t\t<div class=\"box-image\">\n\t\t\t<div class=\"image-zoom\">\n\t\t\t\t<a href=\"https:\/\/ceramic.md\/ro\/product\/tabit-st-gold-sat\/\" aria-label=\"25x75cm Tabit ST Gold Sat\">\n\t\t\t\t\t<img width=\"300\" height=\"101\" src=\"https:\/\/ceramic.md\/wp-content\/uploads\/2021\/05\/ceramic.md-25x75-tabit-st-gold-sat-300x101.jpg\" class=\"attachment-woocommerce_thumbnail size-woocommerce_thumbnail\" alt=\"Tabit ST Gold Sat\" srcset=\"https:\/\/ceramic.md\/wp-content\/uploads\/2021\/05\/ceramic.md-25x75-tabit-st-gold-sat-300x101.jpg 300w, https:\/\/ceramic.md\/wp-content\/uploads\/2021\/05\/ceramic.md-25x75-tabit-st-gold-sat-600x203.jpg 600w, https:\/\/ceramic.md\/wp-content\/uploads\/2021\/05\/ceramic.md-25x75-tabit-st-gold-sat-400x135.jpg 400w, https:\/\/ceramic.md\/wp-content\/uploads\/2021\/05\/ceramic.md-25x75-tabit-st-gold-sat-768x259.jpg 768w, https:\/\/ceramic.md\/wp-content\/uploads\/2021\/05\/ceramic.md-25x75-tabit-st-gold-sat.jpg 800w\" sizes=\"(max-width: 300px) 100vw, 300px\" \/>\t\t\t\t<\/a>\n\t\t\t<\/div>\n\t\t\t<div class=\"image-tools is-small top right show-on-hover\">\n\t\t\t\t\t\t\t<\/div>\n\t\t\t<div class=\"image-tools is-small hide-for-small bottom left show-on-hover\">\n\t\t\t\t\t\t\t<\/div>\n\t\t\t<div class=\"image-tools grid-tools text-center hide-for-small bottom hover-slide-in show-on-hover\">\n\t\t\t\t\t\t\t<\/div>\n\t\t\t\t\t<\/div>\n\n\t\t<div class=\"box-text box-text-products text-center grid-style-2\">\n\t\t\tFaian\u021b\u0103<div class=\"title-wrapper\"><p itemprop=\"name\" class=\"product_title entry-title\">Spania<\/p><\/div><div class=\"price-wrapper\"><\/div>\t\t<\/div>\n\t<\/div>\n\t\t<\/div>\n<\/div>\n<div class=\"product-small col has-hover product type-product post-8851 status-publish last instock product_cat-faianta product_cat-teracota has-post-thumbnail shipping-taxable product-type-simple\">\n\t<div class=\"col-inner\">\n\t\n<div class=\"badge-container absolute left top z-1\">\n<\/div>\n\t<div class=\"product-small box \">\n\t\t<div class=\"box-image\">\n\t\t\t<div class=\"image-zoom\">\n\t\t\t\t<a href=\"https:\/\/ceramic.md\/ro\/product\/tabit-gold-sat\/\" aria-label=\"25x75cm Tabit Gold Sat\">\n\t\t\t\t\t<img width=\"300\" height=\"100\" src=\"https:\/\/ceramic.md\/wp-content\/uploads\/2021\/05\/ceramic.md-25x75-tabit-gold-sat-300x100.jpg\" class=\"attachment-woocommerce_thumbnail size-woocommerce_thumbnail\" alt=\"Tabit Gold Sat\" srcset=\"https:\/\/ceramic.md\/wp-content\/uploads\/2021\/05\/ceramic.md-25x75-tabit-gold-sat-300x100.jpg 300w, https:\/\/ceramic.md\/wp-content\/uploads\/2021\/05\/ceramic.md-25x75-tabit-gold-sat-600x200.jpg 600w, https:\/\/ceramic.md\/wp-content\/uploads\/2021\/05\/ceramic.md-25x75-tabit-gold-sat-400x133.jpg 400w, https:\/\/ceramic.md\/wp-content\/uploads\/2021\/05\/ceramic.md-25x75-tabit-gold-sat.jpg 640w\" sizes=\"(max-width: 300px) 100vw, 300px\" \/>\t\t\t\t<\/a>\n\t\t\t<\/div>\n\t\t\t<div class=\"image-tools is-small top right show-on-hover\">\n\t\t\t\t\t\t\t<\/div>\n\t\t\t<div class=\"image-tools is-small hide-for-small bottom left show-on-hover\">\n\t\t\t\t\t\t\t<\/div>\n\t\t\t<div class=\"image-tools grid-tools text-center hide-for-small bottom hover-slide-in show-on-hover\">\n\t\t\t\t\t\t\t<\/div>\n\t\t\t\t\t<\/div>\n\n\t\t<div class=\"box-text box-text-products text-center grid-style-2\">\n\t\t\tFaian\u021b\u0103<div class=\"title-wrapper\"><p itemprop=\"name\" class=\"product_title entry-title\">Spania<\/p><\/div><div class=\"price-wrapper\"><\/div>\t\t<\/div>\n\t<\/div>\n\t\t<\/div>\n<\/div>\n<\/div><!-- row --><\/div>\n\n<h4>\u0421olec\u021bie de teracot\u0103 din ceramica Tabit de la fabrica spaniol\u0103 <a href=\"http:\/\/stnceramica.es\" target=\"_blank\" rel=\"noopener\">STN Ceramica<\/a> pentru decorarea pere\u021bilor \u00een interior.<\/h4>\n<p><a href=\"https:\/\/ceramic.md\/ro\/product-category\/teracota\/?filter_producator=spania\">Teracota spaniol\u0103<\/a> a fost \u00eentotdeauna renumite pentru calitatea, precum \u0219i pentru stilul unic \u0219i inimitabil. Gresie \u0219i faian\u021ba din Spania au devenit recunoscute \u0219i iubite nu numai de designeri, ci \u0219i de oamenii cu gust bun.<\/p>\n<p>Nu uita\u021bi c\u0103 argila utilizat\u0103 la producerea pl\u0103cilor de c\u0103tre fabricile spaniole este semnificativ diferit\u0103 ca puritate \u0219i densitate de cea utilizat\u0103 de fabricile din alte \u021b\u0103ri.<\/p>\n<p>Ast\u0103zi, Valencia nu \u00een zadar este considerat\u0103 centrul modei de teracot\u0103 din ceramica \u0219i por\u021belanat, deoarece fabricile spaniole sunt lideri \u00een produc\u021bia de teracot\u0103 elegant\u0103 \u0219i de calitate \u00eenalt\u0103 de mul\u021bi ani. Designerii spanioli sunt cei care stabilesc tendin\u021bele pentru \u00eentreaga lume.<\/p>\n<p><img class=\"wp-image-8552 aligncenter\" src=\"https:\/\/ceramic.md\/wp-content\/uploads\/2020\/12\/stn-ceramica.jpg\" alt=\"\" width=\"143\" height=\"95\"><\/p>\n<p>Fabrica STN Ceramica este una dintre cele mai vechi \u0219i, prin urmare, cu mare experien\u021b\u0103, de pe pia\u021ba mondial\u0103 a teracotei din ceramica \u0219i por\u021belanat. Designerii fabricii \u021bin pasul cu tendin\u021bele sezonului, oferind un sortiment larg \u00een diverse stiluri. Trebuie remarcat faptul c\u0103 fabrica acord\u0103 o aten\u021bie special\u0103 calit\u0103\u021bii produselor sale, men\u021bin\u00e2nd \u00een acela\u0219i timp pre\u021buri rezonabile. La urma urmei, ce ar putea fi mai bun dec\u00e2t teacota spaniol\u0103 de calitate superioar\u0103 la un pre\u021b atractiv.<\/p>\n<p>\u0421olec\u021bie de teracot\u0103 din ceramica Tabit poate fi folosit\u0103 \u00een baie, sufragerie \u0219i buc\u0103t\u0103rie, precum \u0219i pentru decorarea altor elemente interioare. Decorul rafinat al colec\u021biei \u00eei va mul\u021bumi chiar \u0219i celor mai sofisticate. Liniile delicate de marmura \u00een combina\u021bie cu nuan\u021bele aurii permit realizarea armoniei spa\u021biului.<\/p>\n<p>Faian\u021b\u0103 este realizat\u0103 din lut ro\u0219u \u00een dimensiunea 25&#215;75 \u0219i 33.3&#215;100 cm, grosimea ei este de 8 mm. U\u0219or de t\u0103iat \u0219i g\u0103urit, nu necesit\u0103 echipamente scumpe atunci c\u00e2nd pune\u021bi.<\/p>\n\n<p style=\"text-align: center;\">","protected":false},"excerpt":{"rendered":"<p>Colec\u021bie de teracot\u0103 baie, buc\u0103t\u0103rie, sufragerie de la <b>STN Ceramica<\/b><\/p>\n","protected":false},"featured_media":8852,"template":"","meta":[],"product_cat":[287,723,724],"product_tag":[],"_links":{"self":[{"href":"https:\/\/ceramic.md\/ro\/wp-json\/wp\/v2\/product\/8850"}],"collection":[{"href":"https:\/\/ceramic.md\/ro\/wp-json\/wp\/v2\/product"}],"about":[{"href":"https:\/\/ceramic.md\/ro\/wp-json\/wp\/v2\/types\/product"}],"wp:featuredmedia":[{"embeddable":true,"href":"https:\/\/ceramic.md\/ro\/wp-json\/wp\/v2\/media\/8852"}],"wp:attachment":[{"href":"https:\/\/ceramic.md\/ro\/wp-json\/wp\/v2\/media?parent=8850"}],"wp:term":[{"taxonomy":"product_cat","embeddable":true,"href":"https:\/\/ceramic.md\/ro\/wp-json\/wp\/v2\/product_cat?post=8850"},{"taxonomy":"product_tag","embeddable":true,"href":"https:\/\/ceramic.md\/ro\/wp-json\/wp\/v2\/product_tag?post=8850"}],"curies":[{"name":"wp","href":"https:\/\/api.w.org\/{rel}","templated":true}]}}