{"id":8887,"date":"2020-12-08T23:35:50","date_gmt":"2020-12-08T21:35:50","guid":{"rendered":"https:\/\/ceramic.md\/?post_type=product&#038;p=8887"},"modified":"2023-04-13T16:45:06","modified_gmt":"2023-04-13T13:45:06","slug":"colectie-brennero","status":"publish","type":"product","link":"https:\/\/ceramic.md\/ro\/product\/colectie-brennero\/","title":{"rendered":"Colec\u021bie Brennero"},"content":{"rendered":"<div class=\"container section-title-container\" ><h3 class=\"section-title section-title-bold-center\"><b><\/b><span class=\"section-title-main\" style=\"color:rgb(0, 0, 0);\">Compozi\u021bia colec\u021biei de teracot\u0103<\/span><b><\/b><\/h3><\/div>\n\n<div class=\"woocommerce columns-3 \"><span class=\"wpfHidden\" data-shortcode-attribute=\"{&quot;limit&quot;:&quot;15&quot;,&quot;columns&quot;:&quot;3&quot;,&quot;rows&quot;:&quot;&quot;,&quot;orderby&quot;:&quot;date&quot;,&quot;order&quot;:&quot;&quot;,&quot;ids&quot;:&quot;8888,8895,8896&quot;,&quot;skus&quot;:&quot;&quot;,&quot;category&quot;:&quot;&quot;,&quot;cat_operator&quot;:&quot;IN&quot;,&quot;attribute&quot;:&quot;&quot;,&quot;terms&quot;:&quot;&quot;,&quot;terms_operator&quot;:&quot;IN&quot;,&quot;tag&quot;:&quot;&quot;,&quot;tag_operator&quot;:&quot;IN&quot;,&quot;visibility&quot;:&quot;visible&quot;,&quot;class&quot;:&quot;&quot;,&quot;page&quot;:1,&quot;paginate&quot;:false,&quot;cache&quot;:false}\"><\/span><div class=\"products row row-small large-columns-3 medium-columns-3 small-columns-2 has-shadow row-box-shadow-2 row-box-shadow-3-hover\">\n<div class=\"product-small col has-hover product type-product post-8896 status-publish first instock product_cat-faianta product_cat-teracota has-post-thumbnail shipping-taxable product-type-simple\">\n\t<div class=\"col-inner\">\n\t\n<div class=\"badge-container absolute left top z-1\">\n<\/div>\n\t<div class=\"product-small box \">\n\t\t<div class=\"box-image\">\n\t\t\t<div class=\"image-zoom\">\n\t\t\t\t<a href=\"https:\/\/ceramic.md\/ro\/product\/parma-greige\/\" aria-label=\"25x75cm Parma Greige\">\n\t\t\t\t\t<img width=\"300\" height=\"100\" src=\"https:\/\/ceramic.md\/wp-content\/uploads\/2021\/05\/ceramic.md-parma-greige-300x100.jpg\" class=\"attachment-woocommerce_thumbnail size-woocommerce_thumbnail\" alt=\"Parma Greige\" srcset=\"https:\/\/ceramic.md\/wp-content\/uploads\/2021\/05\/ceramic.md-parma-greige-300x100.jpg 300w, https:\/\/ceramic.md\/wp-content\/uploads\/2021\/05\/ceramic.md-parma-greige-600x201.jpg 600w, https:\/\/ceramic.md\/wp-content\/uploads\/2021\/05\/ceramic.md-parma-greige-800x268.jpg 800w, https:\/\/ceramic.md\/wp-content\/uploads\/2021\/05\/ceramic.md-parma-greige-1400x469.jpg 1400w, https:\/\/ceramic.md\/wp-content\/uploads\/2021\/05\/ceramic.md-parma-greige-400x134.jpg 400w, https:\/\/ceramic.md\/wp-content\/uploads\/2021\/05\/ceramic.md-parma-greige-768x257.jpg 768w, https:\/\/ceramic.md\/wp-content\/uploads\/2021\/05\/ceramic.md-parma-greige.jpg 1440w\" sizes=\"(max-width: 300px) 100vw, 300px\" \/>\t\t\t\t<\/a>\n\t\t\t<\/div>\n\t\t\t<div class=\"image-tools is-small top right show-on-hover\">\n\t\t\t\t\t\t\t<\/div>\n\t\t\t<div class=\"image-tools is-small hide-for-small bottom left show-on-hover\">\n\t\t\t\t\t\t\t<\/div>\n\t\t\t<div class=\"image-tools grid-tools text-center hide-for-small bottom hover-slide-in show-on-hover\">\n\t\t\t\t\t\t\t<\/div>\n\t\t\t\t\t<\/div>\n\n\t\t<div class=\"box-text box-text-products text-center grid-style-2\">\n\t\t\tFaian\u021b\u0103<div class=\"title-wrapper\"><p itemprop=\"name\" class=\"product_title entry-title\">Polonia<\/p><\/div><div class=\"price-wrapper\"><\/div>\t\t<\/div>\n\t<\/div>\n\t\t<\/div>\n<\/div>\n<div class=\"product-small col has-hover product type-product post-8888 status-publish instock product_cat-faianta product_cat-teracota has-post-thumbnail shipping-taxable product-type-simple\">\n\t<div class=\"col-inner\">\n\t\n<div class=\"badge-container absolute left top z-1\">\n<\/div>\n\t<div class=\"product-small box \">\n\t\t<div class=\"box-image\">\n\t\t\t<div class=\"image-zoom\">\n\t\t\t\t<a href=\"https:\/\/ceramic.md\/ro\/product\/brennero-white\/\" aria-label=\"25x75cm Brennero White\">\n\t\t\t\t\t<img width=\"300\" height=\"100\" src=\"https:\/\/ceramic.md\/wp-content\/uploads\/2021\/05\/ceramic.md-25x75-brennero-white-300x100.jpg\" class=\"attachment-woocommerce_thumbnail size-woocommerce_thumbnail\" alt=\"Brennero White\" srcset=\"https:\/\/ceramic.md\/wp-content\/uploads\/2021\/05\/ceramic.md-25x75-brennero-white-300x100.jpg 300w, https:\/\/ceramic.md\/wp-content\/uploads\/2021\/05\/ceramic.md-25x75-brennero-white-600x200.jpg 600w, https:\/\/ceramic.md\/wp-content\/uploads\/2021\/05\/ceramic.md-25x75-brennero-white-800x266.jpg 800w, https:\/\/ceramic.md\/wp-content\/uploads\/2021\/05\/ceramic.md-25x75-brennero-white-400x133.jpg 400w, https:\/\/ceramic.md\/wp-content\/uploads\/2021\/05\/ceramic.md-25x75-brennero-white-768x256.jpg 768w, https:\/\/ceramic.md\/wp-content\/uploads\/2021\/05\/ceramic.md-25x75-brennero-white.jpg 1000w\" sizes=\"(max-width: 300px) 100vw, 300px\" \/>\t\t\t\t<\/a>\n\t\t\t<\/div>\n\t\t\t<div class=\"image-tools is-small top right show-on-hover\">\n\t\t\t\t\t\t\t<\/div>\n\t\t\t<div class=\"image-tools is-small hide-for-small bottom left show-on-hover\">\n\t\t\t\t\t\t\t<\/div>\n\t\t\t<div class=\"image-tools grid-tools text-center hide-for-small bottom hover-slide-in show-on-hover\">\n\t\t\t\t\t\t\t<\/div>\n\t\t\t\t\t<\/div>\n\n\t\t<div class=\"box-text box-text-products text-center grid-style-2\">\n\t\t\tFaian\u021b\u0103<div class=\"title-wrapper\"><p itemprop=\"name\" class=\"product_title entry-title\">Polonia<\/p><\/div><div class=\"price-wrapper\"><\/div>\t\t<\/div>\n\t<\/div>\n\t\t<\/div>\n<\/div>\n<\/div><!-- row --><\/div>\n\n<h4>\u0421olec\u021bie de teracot\u0103 din ceramica Brennero de la fabrica polonez\u0103 <a href=\"https:\/\/ceramikakonskie.pl\/\" target=\"_blank\" rel=\"noopener\">Ceramika Konskie<\/a> pentru decorarea pere\u021bilor \u00een interior.<\/h4>\n<p><a href=\"https:\/\/ceramic.md\/ro\/product-category\/teracota\/?filter_producator=polonia\">Teracota polonez\u0103<\/a> nu este doar de calitate, ci \u0219i un design unic. \u0218i, \u00een plus, pre\u021burile accesibile ale fabricilor poloneze nu las\u0103 aproape nicio \u0219ans\u0103 concuren\u021bilor.<\/p>\n<p><img class=\"wp-image-8889 aligncenter\" src=\"https:\/\/ceramic.md\/wp-content\/uploads\/2021\/05\/ceramika-konskie.jpg\" alt=\"\" width=\"250\" height=\"116\"><\/p>\n<p>Fabrica Ceramika Konskie este doar o parte a unei preocup\u0103ri imense care produce teracota. Au \u00een spate mul\u021bi ani de experien\u021b\u0103, care pot fi v\u0103zu\u021bi cu ochiul liber de pe pl\u0103cile lor. Fabrica func\u021bioneaz\u0103 pe baza tehnologiilor italiene, cel mai important lucru pentru gestionarea fabricii este produsele de \u00eenalt\u0103 calitate, deschiderea spre inova\u021bie.<\/p>\n<p>Colec\u021bia de teracota Brennero poate fi utilizat\u0103 \u00een baie, sufragerie \u0219i buc\u0103t\u0103rie, precum \u0219i pentru decorarea elementelor interioare individuale. Modelul geometric atractiv al pl\u0103cilor \u00eei va mul\u021bumi chiar \u0219i celor mai sofisticate, iar imita\u021bia lemnului \u00een maro \u00eenchis va diversifica orice interior.<\/p>\n<p>Faian\u021b\u0103 este realizat\u0103 din lut ro\u0219u \u00een dimensiunea 25&#215;75 cm, grosimea ei este de 8 mm. U\u0219or de t\u0103iat \u0219i g\u0103urit, nu necesit\u0103 echipamente scumpe atunci c\u00e2nd pune\u021bi.<\/p>\n\n<p style=\"text-align: center;\">","protected":false},"excerpt":{"rendered":"<p>Colec\u021bie de teracot\u0103 baie, buc\u0103t\u0103rie, sufragerie de la <b>Ceramika Color, <\/b>Polonia<\/p>\n","protected":false},"featured_media":8891,"template":"","meta":[],"product_cat":[287,723,724],"product_tag":[],"_links":{"self":[{"href":"https:\/\/ceramic.md\/ro\/wp-json\/wp\/v2\/product\/8887"}],"collection":[{"href":"https:\/\/ceramic.md\/ro\/wp-json\/wp\/v2\/product"}],"about":[{"href":"https:\/\/ceramic.md\/ro\/wp-json\/wp\/v2\/types\/product"}],"wp:featuredmedia":[{"embeddable":true,"href":"https:\/\/ceramic.md\/ro\/wp-json\/wp\/v2\/media\/8891"}],"wp:attachment":[{"href":"https:\/\/ceramic.md\/ro\/wp-json\/wp\/v2\/media?parent=8887"}],"wp:term":[{"taxonomy":"product_cat","embeddable":true,"href":"https:\/\/ceramic.md\/ro\/wp-json\/wp\/v2\/product_cat?post=8887"},{"taxonomy":"product_tag","embeddable":true,"href":"https:\/\/ceramic.md\/ro\/wp-json\/wp\/v2\/product_tag?post=8887"}],"curies":[{"name":"wp","href":"https:\/\/api.w.org\/{rel}","templated":true}]}}