{"id":8983,"date":"2020-07-23T21:00:58","date_gmt":"2020-07-23T18:00:58","guid":{"rendered":"https:\/\/ceramic.md\/?post_type=product&#038;p=8983"},"modified":"2023-12-09T09:52:25","modified_gmt":"2023-12-09T07:52:25","slug":"colectie-piatto-gris","status":"publish","type":"product","link":"https:\/\/ceramic.md\/ro\/product\/colectie-piatto-gris\/","title":{"rendered":"Colec\u021bie Piatto Gris"},"content":{"rendered":"<div class=\"container section-title-container\" ><h3 class=\"section-title section-title-bold-center\"><b><\/b><span class=\"section-title-main\" style=\"color:rgb(0, 0, 0);\">Compozi\u021bia colec\u021biei de teracot\u0103<\/span><b><\/b><\/h3><\/div>\n\n<div class=\"woocommerce columns-3 \"><span class=\"wpfHidden\" data-shortcode-attribute=\"{&quot;limit&quot;:&quot;15&quot;,&quot;columns&quot;:&quot;3&quot;,&quot;rows&quot;:&quot;&quot;,&quot;orderby&quot;:&quot;date&quot;,&quot;order&quot;:&quot;&quot;,&quot;ids&quot;:&quot;8985,8986,8984,8987&quot;,&quot;skus&quot;:&quot;&quot;,&quot;category&quot;:&quot;&quot;,&quot;cat_operator&quot;:&quot;IN&quot;,&quot;attribute&quot;:&quot;&quot;,&quot;terms&quot;:&quot;&quot;,&quot;terms_operator&quot;:&quot;IN&quot;,&quot;tag&quot;:&quot;&quot;,&quot;tag_operator&quot;:&quot;IN&quot;,&quot;visibility&quot;:&quot;visible&quot;,&quot;class&quot;:&quot;&quot;,&quot;page&quot;:1,&quot;paginate&quot;:false,&quot;cache&quot;:false}\"><\/span><div class=\"products row row-small large-columns-3 medium-columns-3 small-columns-2 has-shadow row-box-shadow-2 row-box-shadow-3-hover\">\n<div class=\"product-small col has-hover product type-product post-8985 status-publish first instock product_cat-teracota product_cat-scari has-post-thumbnail shipping-taxable product-type-simple\">\n\t<div class=\"col-inner\">\n\t\n<div class=\"badge-container absolute left top z-1\">\n<\/div>\n\t<div class=\"product-small box \">\n\t\t<div class=\"box-image\">\n\t\t\t<div class=\"image-zoom\">\n\t\t\t\t<a href=\"https:\/\/ceramic.md\/ro\/product\/piatto-gris-stopnica\/\" aria-label=\"30x30cm Piatto Gris Stopnica\">\n\t\t\t\t\t<img width=\"300\" height=\"300\" src=\"https:\/\/ceramic.md\/wp-content\/uploads\/2021\/05\/ceramic.md-30x30-piatto-gris-stopnica-300x300.jpg\" class=\"attachment-woocommerce_thumbnail size-woocommerce_thumbnail\" alt=\"Piatto Gris Stopnica\" srcset=\"https:\/\/ceramic.md\/wp-content\/uploads\/2021\/05\/ceramic.md-30x30-piatto-gris-stopnica-300x300.jpg 300w, https:\/\/ceramic.md\/wp-content\/uploads\/2021\/05\/ceramic.md-30x30-piatto-gris-stopnica-100x100.jpg 100w, https:\/\/ceramic.md\/wp-content\/uploads\/2021\/05\/ceramic.md-30x30-piatto-gris-stopnica-600x600.jpg 600w, https:\/\/ceramic.md\/wp-content\/uploads\/2021\/05\/ceramic.md-30x30-piatto-gris-stopnica-400x400.jpg 400w, https:\/\/ceramic.md\/wp-content\/uploads\/2021\/05\/ceramic.md-30x30-piatto-gris-stopnica-800x800.jpg 800w, https:\/\/ceramic.md\/wp-content\/uploads\/2021\/05\/ceramic.md-30x30-piatto-gris-stopnica-768x768.jpg 768w, https:\/\/ceramic.md\/wp-content\/uploads\/2021\/05\/ceramic.md-30x30-piatto-gris-stopnica.jpg 2000w\" sizes=\"(max-width: 300px) 100vw, 300px\" \/>\t\t\t\t<\/a>\n\t\t\t<\/div>\n\t\t\t<div class=\"image-tools is-small top right show-on-hover\">\n\t\t\t\t\t\t\t<\/div>\n\t\t\t<div class=\"image-tools is-small hide-for-small bottom left show-on-hover\">\n\t\t\t\t\t\t\t<\/div>\n\t\t\t<div class=\"image-tools grid-tools text-center hide-for-small bottom hover-slide-in show-on-hover\">\n\t\t\t\t\t\t\t<\/div>\n\t\t\t\t\t<\/div>\n\n\t\t<div class=\"box-text box-text-products text-center grid-style-2\">\n\t\t\tTreapt\u0103<div class=\"title-wrapper\"><p itemprop=\"name\" class=\"product_title entry-title\">Polonia<\/p><\/div><div class=\"price-wrapper\"><\/div>\t\t<\/div>\n\t<\/div>\n\t\t<\/div>\n<\/div>\n<div class=\"product-small col has-hover product type-product post-8986 status-publish instock product_cat-teracota product_cat-scari has-post-thumbnail shipping-taxable product-type-simple\">\n\t<div class=\"col-inner\">\n\t\n<div class=\"badge-container absolute left top z-1\">\n<\/div>\n\t<div class=\"product-small box \">\n\t\t<div class=\"box-image\">\n\t\t\t<div class=\"image-zoom\">\n\t\t\t\t<a href=\"https:\/\/ceramic.md\/ro\/product\/piatto-gris-stopnica-narozna\/\" aria-label=\"30x30cm Piatto Gris Stopnica Narozna\">\n\t\t\t\t\t<img width=\"300\" height=\"300\" src=\"https:\/\/ceramic.md\/wp-content\/uploads\/2021\/05\/ceramic.md-30x30-piatto-gris-stopnica-narozna-300x300.jpg\" class=\"attachment-woocommerce_thumbnail size-woocommerce_thumbnail\" alt=\"Piatto Gris Stopnica Narozna\" srcset=\"https:\/\/ceramic.md\/wp-content\/uploads\/2021\/05\/ceramic.md-30x30-piatto-gris-stopnica-narozna-300x300.jpg 300w, https:\/\/ceramic.md\/wp-content\/uploads\/2021\/05\/ceramic.md-30x30-piatto-gris-stopnica-narozna-100x100.jpg 100w, https:\/\/ceramic.md\/wp-content\/uploads\/2021\/05\/ceramic.md-30x30-piatto-gris-stopnica-narozna-600x600.jpg 600w, https:\/\/ceramic.md\/wp-content\/uploads\/2021\/05\/ceramic.md-30x30-piatto-gris-stopnica-narozna-400x400.jpg 400w, https:\/\/ceramic.md\/wp-content\/uploads\/2021\/05\/ceramic.md-30x30-piatto-gris-stopnica-narozna-800x800.jpg 800w, https:\/\/ceramic.md\/wp-content\/uploads\/2021\/05\/ceramic.md-30x30-piatto-gris-stopnica-narozna-768x768.jpg 768w, https:\/\/ceramic.md\/wp-content\/uploads\/2021\/05\/ceramic.md-30x30-piatto-gris-stopnica-narozna.jpg 2000w\" sizes=\"(max-width: 300px) 100vw, 300px\" \/>\t\t\t\t<\/a>\n\t\t\t<\/div>\n\t\t\t<div class=\"image-tools is-small top right show-on-hover\">\n\t\t\t\t\t\t\t<\/div>\n\t\t\t<div class=\"image-tools is-small hide-for-small bottom left show-on-hover\">\n\t\t\t\t\t\t\t<\/div>\n\t\t\t<div class=\"image-tools grid-tools text-center hide-for-small bottom hover-slide-in show-on-hover\">\n\t\t\t\t\t\t\t<\/div>\n\t\t\t\t\t<\/div>\n\n\t\t<div class=\"box-text box-text-products text-center grid-style-2\">\n\t\t\tTreapt\u0103 de col\u021b<div class=\"title-wrapper\"><p itemprop=\"name\" class=\"product_title entry-title\">Polonia<\/p><\/div><div class=\"price-wrapper\"><\/div>\t\t<\/div>\n\t<\/div>\n\t\t<\/div>\n<\/div>\n<div class=\"product-small col has-hover product type-product post-8984 status-publish last instock product_cat-gresie product_cat-teracota product_cat-terasa has-post-thumbnail shipping-taxable product-type-simple\">\n\t<div class=\"col-inner\">\n\t\n<div class=\"badge-container absolute left top z-1\">\n<\/div>\n\t<div class=\"product-small box \">\n\t\t<div class=\"box-image\">\n\t\t\t<div class=\"image-zoom\">\n\t\t\t\t<a href=\"https:\/\/ceramic.md\/ro\/product\/piatto-gris-podlogowa\/\" aria-label=\"30x30cm Piatto Gris Podlogowa\">\n\t\t\t\t\t<img width=\"300\" height=\"300\" src=\"https:\/\/ceramic.md\/wp-content\/uploads\/2021\/05\/ceramic.md-30x30-piatto-gris-podlogowa-300x300.jpg\" class=\"attachment-woocommerce_thumbnail size-woocommerce_thumbnail\" alt=\"Piatto Gris Podlogowa\" srcset=\"https:\/\/ceramic.md\/wp-content\/uploads\/2021\/05\/ceramic.md-30x30-piatto-gris-podlogowa-300x300.jpg 300w, https:\/\/ceramic.md\/wp-content\/uploads\/2021\/05\/ceramic.md-30x30-piatto-gris-podlogowa-100x100.jpg 100w, https:\/\/ceramic.md\/wp-content\/uploads\/2021\/05\/ceramic.md-30x30-piatto-gris-podlogowa-600x600.jpg 600w, https:\/\/ceramic.md\/wp-content\/uploads\/2021\/05\/ceramic.md-30x30-piatto-gris-podlogowa-400x400.jpg 400w, https:\/\/ceramic.md\/wp-content\/uploads\/2021\/05\/ceramic.md-30x30-piatto-gris-podlogowa-800x800.jpg 800w, https:\/\/ceramic.md\/wp-content\/uploads\/2021\/05\/ceramic.md-30x30-piatto-gris-podlogowa-768x768.jpg 768w, https:\/\/ceramic.md\/wp-content\/uploads\/2021\/05\/ceramic.md-30x30-piatto-gris-podlogowa.jpg 2000w\" sizes=\"(max-width: 300px) 100vw, 300px\" \/>\t\t\t\t<\/a>\n\t\t\t<\/div>\n\t\t\t<div class=\"image-tools is-small top right show-on-hover\">\n\t\t\t\t\t\t\t<\/div>\n\t\t\t<div class=\"image-tools is-small hide-for-small bottom left show-on-hover\">\n\t\t\t\t\t\t\t<\/div>\n\t\t\t<div class=\"image-tools grid-tools text-center hide-for-small bottom hover-slide-in show-on-hover\">\n\t\t\t\t\t\t\t<\/div>\n\t\t\t\t\t<\/div>\n\n\t\t<div class=\"box-text box-text-products text-center grid-style-2\">\n\t\t\tClincher pentru podea<div class=\"title-wrapper\"><p itemprop=\"name\" class=\"product_title entry-title\">Polonia<\/p><\/div><div class=\"price-wrapper\"><\/div>\t\t<\/div>\n\t<\/div>\n\t\t<\/div>\n<\/div>\n<div class=\"product-small col has-hover product type-product post-8987 status-publish first instock product_cat-faianta product_cat-teracota product_cat-sobe-si-seminee product_cat-fatada has-post-thumbnail shipping-taxable product-type-simple\">\n\t<div class=\"col-inner\">\n\t\n<div class=\"badge-container absolute left top z-1\">\n<\/div>\n\t<div class=\"product-small box \">\n\t\t<div class=\"box-image\">\n\t\t\t<div class=\"image-zoom\">\n\t\t\t\t<a href=\"https:\/\/ceramic.md\/ro\/product\/74x300-piatto-gris\/\" aria-label=\"7,4x30cm Piatto Gris\">\n\t\t\t\t\t<img width=\"300\" height=\"300\" src=\"https:\/\/ceramic.md\/wp-content\/uploads\/2021\/05\/ceramic.md-7.4x30-piatto-gris-300x300.jpg\" class=\"attachment-woocommerce_thumbnail size-woocommerce_thumbnail\" alt=\"Piatto Gris\" srcset=\"https:\/\/ceramic.md\/wp-content\/uploads\/2021\/05\/ceramic.md-7.4x30-piatto-gris-300x300.jpg 300w, https:\/\/ceramic.md\/wp-content\/uploads\/2021\/05\/ceramic.md-7.4x30-piatto-gris-100x100.jpg 100w, https:\/\/ceramic.md\/wp-content\/uploads\/2021\/05\/ceramic.md-7.4x30-piatto-gris-600x600.jpg 600w, https:\/\/ceramic.md\/wp-content\/uploads\/2021\/05\/ceramic.md-7.4x30-piatto-gris-400x400.jpg 400w, https:\/\/ceramic.md\/wp-content\/uploads\/2021\/05\/ceramic.md-7.4x30-piatto-gris-800x800.jpg 800w, https:\/\/ceramic.md\/wp-content\/uploads\/2021\/05\/ceramic.md-7.4x30-piatto-gris-768x768.jpg 768w, https:\/\/ceramic.md\/wp-content\/uploads\/2021\/05\/ceramic.md-7.4x30-piatto-gris.jpg 1046w\" sizes=\"(max-width: 300px) 100vw, 300px\" \/>\t\t\t\t<\/a>\n\t\t\t<\/div>\n\t\t\t<div class=\"image-tools is-small top right show-on-hover\">\n\t\t\t\t\t\t\t<\/div>\n\t\t\t<div class=\"image-tools is-small hide-for-small bottom left show-on-hover\">\n\t\t\t\t\t\t\t<\/div>\n\t\t\t<div class=\"image-tools grid-tools text-center hide-for-small bottom hover-slide-in show-on-hover\">\n\t\t\t\t\t\t\t<\/div>\n\t\t\t\t\t<\/div>\n\n\t\t<div class=\"box-text box-text-products text-center grid-style-2\">\n\t\t\tClincher pentru pere\u021bi<div class=\"title-wrapper\"><p itemprop=\"name\" class=\"product_title entry-title\">Polonia<\/p><\/div><div class=\"price-wrapper\"><\/div>\t\t<\/div>\n\t<\/div>\n\t\t<\/div>\n<\/div>\n<\/div><!-- row --><\/div>\n\n<h4>\u0421olec\u021bie de teracot\u0103 din ceramica Piatto Gris de la fabrica polonez\u0103 <a href=\"https:\/\/cerrad.com\/\" target=\"_blank\" rel=\"noopener\">Cerrad<\/a> pentru decorarea pere\u021bilor \u00een interior.<\/h4>\n<p><a href=\"https:\/\/ceramic.md\/product-category\/teracota\/?filter_producator=polonia\">Teracota polonez\u0103<\/a> nu este doar de calitate, ci \u0219i un design unic. \u0218i, \u00een plus, pre\u021burile accesibile ale fabricilor poloneze nu las\u0103 aproape nicio \u0219ans\u0103 concuren\u021bilor.<\/p>\n<p><img class=\"wp-image-8995 aligncenter\" src=\"https:\/\/ceramic.md\/wp-content\/uploads\/2021\/01\/cerrad-logo-e1621410818237-800x306.png\" alt=\"\" width=\"256\" height=\"98\" srcset=\"https:\/\/ceramic.md\/wp-content\/uploads\/2021\/01\/cerrad-logo-e1621410818237-800x306.png 800w, https:\/\/ceramic.md\/wp-content\/uploads\/2021\/01\/cerrad-logo-e1621410818237-300x115.png 300w, https:\/\/ceramic.md\/wp-content\/uploads\/2021\/01\/cerrad-logo-e1621410818237-600x229.png 600w, https:\/\/ceramic.md\/wp-content\/uploads\/2021\/01\/cerrad-logo-e1621410818237-400x153.png 400w, https:\/\/ceramic.md\/wp-content\/uploads\/2021\/01\/cerrad-logo-e1621410818237-768x294.png 768w, https:\/\/ceramic.md\/wp-content\/uploads\/2021\/01\/cerrad-logo-e1621410818237.png 900w\" sizes=\"(max-width: 256px) 100vw, 256px\"><\/p>\n<p>Fabrica Cerrad este una dintre cele mai vechi \u0219i, prin urmare, cu experien\u021b\u0103, de pe pia\u021ba mondial\u0103 a pl\u0103cilor din klinker \u0219i gresie por\u021belanat\u0103. Designerii fabricii \u021bin pasul cu tendin\u021bele sezonului, oferind un sortiment larg \u00een diverse stiluri. Fabrica este considerat\u0103 pe bun\u0103 dreptate una dintre cele mai rapide companii din Europa. Trebuie remarcat faptul c\u0103 fabrica acord\u0103 o aten\u021bie special\u0103 calit\u0103\u021bii produselor sale, men\u021bin\u00e2nd \u00een acela\u0219i timp pre\u021buri rezonabile.<\/p>\n<p>Colec\u021bia de teracot\u0103 Piatto Gris este un adev\u0103rat klinker care este produs \u00een mai multe formate. Colec\u021bia include pl\u0103ci de klinker de perete &#8211; imita\u021bie de c\u0103r\u0103mizi, klinker de podea pentru terase \u0219i piscine, precum \u0219i klinker pentru trepte cu o margine rotunjit\u0103 \u0219i relief antiderapant. Palitra de culori a colec\u021biei va ar\u0103ta grozav \u00een interiorul modern, loft, country sau chiar provans.<\/p>\n\n\n<div class=\"container section-title-container\" ><h3 class=\"section-title section-title-bold-center\"><b><\/b><span class=\"section-title-main\" style=\"color:rgb(0, 0, 0);\">\u00cen alte culori<\/span><b><\/b><\/h3><\/div>\n  <div class=\"banner-grid-wrapper\">\n  <div id=\"banner-grid-1000030244\" class=\"banner-grid row row-grid row-small\" data-packery-options=\"\">\n                      \n<div class=\"col grid-col large-6 grid-col-1-2\" ><div class=\"col-inner\">\n\n  <div class=\"banner has-hover\" id=\"banner-847453924\">\n          <div class=\"banner-inner fill\">\n        <div class=\"banner-bg fill\" >\n            <div class=\"bg fill bg-fill \"><\/div>\n                                    \n                    <\/div>\n\t\t\n        <div class=\"banner-layers container\">\n            <div class=\"fill banner-link\"><\/div>            \n   <div id=\"text-box-1683526137\" class=\"text-box banner-layer x5 md-x5 lg-x5 y5 md-y5 lg-y5 res-text\">\n                                <div class=\"text-box-content text box-shadow-3\">\n              \n              <div class=\"text-inner text-left\">\n                  \n<h3 class=\"uppercase\" style=\"text-align: center;\"><a href=\"https:\/\/ceramic.md\/product\/colectie-piatto-honey\"><strong>COLEC\u021aIE PIATTO HONEY<\/strong><\/a><\/h3>\n<a href=\"https:\/\/ceramic.md\/product\/colectie-piatto-honey\" target=\"_self\" class=\"button primary is-gloss is-larger box-shadow-3 expand\" style=\"border-radius:5px;\">\n    <span>trece\u021bi<\/span>\n  <i class=\"icon-angle-right\" ><\/i><\/a>\n\n              <\/div>\n           <\/div>\n                            \n<style>\n#text-box-1683526137 .text-box-content {\n  background-color: rgba(255, 255, 255, 0.8);\n  font-size: 100%;\n}\n#text-box-1683526137 .text-inner {\n  padding: 30px 30px 30px 30px;\n}\n#text-box-1683526137 {\n  width: 60%;\n}\n@media (min-width:550px) {\n  #text-box-1683526137 {\n    width: 60%;\n  }\n}\n<\/style>\n    <\/div>\n \n        <\/div>\n      <\/div>\n\n            \n<style>\n#banner-847453924 {\n  padding-top: 500px;\n  background-color: rgb(255, 255, 255);\n}\n#banner-847453924 .bg.bg-loaded {\n  background-image: url(https:\/\/ceramic.md\/wp-content\/uploads\/2021\/05\/ceramic.md-piatto-honey--1199x800.jpg);\n}\n#banner-847453924 .bg {\n  background-position: 60% 22%;\n}\n#banner-847453924 .ux-shape-divider--top svg {\n  height: 150px;\n  --divider-top-width: 100%;\n}\n#banner-847453924 .ux-shape-divider--bottom svg {\n  height: 150px;\n  --divider-width: 100%;\n}\n<\/style>\n  <\/div>\n\n\n<\/div><\/div>\n<div class=\"col grid-col large-5 grid-col-1\" ><div class=\"col-inner\">\n\n  <div class=\"banner has-hover\" id=\"banner-911684300\">\n          <div class=\"banner-inner fill\">\n        <div class=\"banner-bg fill\" >\n            <div class=\"bg fill bg-fill \"><\/div>\n                                    \n                    <\/div>\n\t\t\n        <div class=\"banner-layers container\">\n            <div class=\"fill banner-link\"><\/div>            \n   <div id=\"text-box-1417811763\" class=\"text-box banner-layer x10 md-x10 lg-x10 y5 md-y5 lg-y5 res-text\">\n                                <div class=\"text-box-content text box-shadow-3\">\n              \n              <div class=\"text-inner text-left\">\n                  \n<h3 class=\"uppercase\" style=\"text-align: center;\"><a href=\"https:\/\/ceramic.md\/product\/colectie-piatto-red\"><strong>COLEC\u021aIE piatto red<\/strong><\/a><\/h3>\n<a href=\"https:\/\/ceramic.md\/product\/colectie-piatto-red\" target=\"_self\" class=\"button primary is-gloss is-larger box-shadow-3 expand\" style=\"border-radius:5px;\">\n    <span>trece\u021bi<\/span>\n  <i class=\"icon-angle-right\" ><\/i><\/a>\n\n              <\/div>\n           <\/div>\n                            \n<style>\n#text-box-1417811763 .text-box-content {\n  background-color: rgba(255, 255, 255, 0.8);\n  font-size: 100%;\n}\n#text-box-1417811763 .text-inner {\n  padding: 30px 30px 30px 30px;\n}\n#text-box-1417811763 {\n  width: 60%;\n}\n@media (min-width:550px) {\n  #text-box-1417811763 {\n    width: 70%;\n  }\n}\n<\/style>\n    <\/div>\n \n        <\/div>\n      <\/div>\n\n            \n<style>\n#banner-911684300 {\n  padding-top: 400px;\n}\n#banner-911684300 .bg.bg-loaded {\n  background-image: url(https:\/\/ceramic.md\/wp-content\/uploads\/2021\/05\/ceramic.md-piatto-red-1199x800.jpg);\n}\n#banner-911684300 .bg {\n  background-position: 26% 0%;\n}\n#banner-911684300 .ux-shape-divider--top svg {\n  height: 150px;\n  --divider-top-width: 100%;\n}\n#banner-911684300 .ux-shape-divider--bottom svg {\n  height: 150px;\n  --divider-width: 100%;\n}\n<\/style>\n  <\/div>\n\n\n<\/div><\/div>\n<div class=\"col grid-col large-6 grid-col-1-2\" ><div class=\"col-inner\">\n\n  <div class=\"banner has-hover\" id=\"banner-731708474\">\n          <div class=\"banner-inner fill\">\n        <div class=\"banner-bg fill\" >\n            <div class=\"bg fill bg-fill \"><\/div>\n                                    \n                    <\/div>\n\t\t\n        <div class=\"banner-layers container\">\n            <div class=\"fill banner-link\"><\/div>            \n   <div id=\"text-box-708606621\" class=\"text-box banner-layer x5 md-x5 lg-x5 y5 md-y5 lg-y5 res-text\">\n                                <div class=\"text-box-content text box-shadow-3\">\n              \n              <div class=\"text-inner text-left\">\n                  \n<h3 class=\"uppercase\" style=\"text-align: center;\"><a href=\"https:\/\/ceramic.md\/product\/colectie-piatto-sand\"><strong>colec\u021aIE PiattO SAND<\/strong><\/a><\/h3>\n<a href=\"https:\/\/ceramic.md\/product\/colectie-piatto-sand\" target=\"_self\" class=\"button primary is-gloss is-larger box-shadow-3 expand\" style=\"border-radius:5px;\">\n    <span>TRECE\u021aI<\/span>\n  <i class=\"icon-angle-right\" ><\/i><\/a>\n\n              <\/div>\n           <\/div>\n                            \n<style>\n#text-box-708606621 .text-box-content {\n  background-color: rgba(255, 255, 255, 0.8);\n  font-size: 100%;\n}\n#text-box-708606621 .text-inner {\n  padding: 30px 30px 30px 30px;\n}\n#text-box-708606621 {\n  width: 60%;\n}\n@media (min-width:550px) {\n  #text-box-708606621 {\n    width: 60%;\n  }\n}\n<\/style>\n    <\/div>\n \n        <\/div>\n      <\/div>\n\n            \n<style>\n#banner-731708474 {\n  padding-top: 500px;\n  background-color: rgb(255, 255, 255);\n}\n#banner-731708474 .bg.bg-loaded {\n  background-image: url(https:\/\/ceramic.md\/wp-content\/uploads\/2021\/05\/ceramic.md-piatto-sand-1199x800.jpg);\n}\n#banner-731708474 .bg {\n  background-position: 60% 22%;\n}\n#banner-731708474 .ux-shape-divider--top svg {\n  height: 150px;\n  --divider-top-width: 100%;\n}\n#banner-731708474 .ux-shape-divider--bottom svg {\n  height: 150px;\n  --divider-width: 100%;\n}\n<\/style>\n  <\/div>\n\n\n<\/div><\/div>\n            <\/div>\n    <style>\n    #banner-grid-1000030244 .grid-col-1{height: 600px}\n    #banner-grid-1000030244 .grid-col-1-2{height: 300px}\n    #banner-grid-1000030244 .grid-col-1-3{height:200px}\n    #banner-grid-1000030244 .grid-col-2-3{height: 400px}\n    #banner-grid-1000030244 .grid-col-1-4{height: 150px}\n    #banner-grid-1000030244 .grid-col-3-4{height: 450px}\n\n\n    \n    \n\n  <\/style>\n    <\/div>","protected":false},"excerpt":{"rendered":"<p>Colec\u021bie de teracot\u0103 din clincher Piatto Gris pentru sobe, sc\u0103ri \u0219i fa\u021bade de la <b>Cerrad, <\/b>Polonia<\/p>\n","protected":false},"featured_media":8988,"template":"","meta":[],"product_cat":[287,722],"product_tag":[],"_links":{"self":[{"href":"https:\/\/ceramic.md\/ro\/wp-json\/wp\/v2\/product\/8983"}],"collection":[{"href":"https:\/\/ceramic.md\/ro\/wp-json\/wp\/v2\/product"}],"about":[{"href":"https:\/\/ceramic.md\/ro\/wp-json\/wp\/v2\/types\/product"}],"wp:featuredmedia":[{"embeddable":true,"href":"https:\/\/ceramic.md\/ro\/wp-json\/wp\/v2\/media\/8988"}],"wp:attachment":[{"href":"https:\/\/ceramic.md\/ro\/wp-json\/wp\/v2\/media?parent=8983"}],"wp:term":[{"taxonomy":"product_cat","embeddable":true,"href":"https:\/\/ceramic.md\/ro\/wp-json\/wp\/v2\/product_cat?post=8983"},{"taxonomy":"product_tag","embeddable":true,"href":"https:\/\/ceramic.md\/ro\/wp-json\/wp\/v2\/product_tag?post=8983"}],"curies":[{"name":"wp","href":"https:\/\/api.w.org\/{rel}","templated":true}]}}