{"id":9071,"date":"2021-01-02T00:00:26","date_gmt":"2021-01-01T22:00:26","guid":{"rendered":"https:\/\/ceramic.md\/?post_type=product&#038;p=9071"},"modified":"2023-03-02T13:39:49","modified_gmt":"2023-03-02T11:39:49","slug":"colectie-marmo-milano","status":"publish","type":"product","link":"https:\/\/ceramic.md\/ro\/product\/colectie-marmo-milano\/","title":{"rendered":"Colec\u021bie Marmo Milano"},"content":{"rendered":"<div class=\"container section-title-container\" ><h3 class=\"section-title section-title-bold-center\"><b><\/b><span class=\"section-title-main\" style=\"color:rgb(0, 0, 0);\">Compozi\u021bia colec\u021biei de teracot\u0103<\/span><b><\/b><\/h3><\/div>\n\n<div class=\"woocommerce columns-3 \"><span class=\"wpfHidden\" data-shortcode-attribute=\"{&quot;limit&quot;:&quot;15&quot;,&quot;columns&quot;:&quot;3&quot;,&quot;rows&quot;:&quot;&quot;,&quot;orderby&quot;:&quot;date&quot;,&quot;order&quot;:&quot;&quot;,&quot;ids&quot;:&quot;9082,9081,9080,9078,9077&quot;,&quot;skus&quot;:&quot;&quot;,&quot;category&quot;:&quot;&quot;,&quot;cat_operator&quot;:&quot;IN&quot;,&quot;attribute&quot;:&quot;&quot;,&quot;terms&quot;:&quot;&quot;,&quot;terms_operator&quot;:&quot;IN&quot;,&quot;tag&quot;:&quot;&quot;,&quot;tag_operator&quot;:&quot;IN&quot;,&quot;visibility&quot;:&quot;visible&quot;,&quot;class&quot;:&quot;&quot;,&quot;page&quot;:1,&quot;paginate&quot;:false,&quot;cache&quot;:false}\"><\/span><div class=\"products row row-small large-columns-3 medium-columns-3 small-columns-2 has-shadow row-box-shadow-2 row-box-shadow-3-hover\">\n<div class=\"product-small col has-hover product type-product post-9082 status-publish first instock product_cat-faianta product_cat-teracota has-post-thumbnail shipping-taxable product-type-simple\">\n\t<div class=\"col-inner\">\n\t\n<div class=\"badge-container absolute left top z-1\">\n<\/div>\n\t<div class=\"product-small box \">\n\t\t<div class=\"box-image\">\n\t\t\t<div class=\"image-zoom\">\n\t\t\t\t<a href=\"https:\/\/ceramic.md\/ro\/product\/marmo-milano-grey-lines\/\" aria-label=\"30x60cm Marmo Milano Grey Lines\">\n\t\t\t\t\t<img width=\"300\" height=\"150\" src=\"https:\/\/ceramic.md\/wp-content\/uploads\/2021\/05\/ceramic.md-30x60-marmo-milano-lines-1-300x150.jpg\" class=\"attachment-woocommerce_thumbnail size-woocommerce_thumbnail\" alt=\"Marmo Milano Grey Lines\" srcset=\"https:\/\/ceramic.md\/wp-content\/uploads\/2021\/05\/ceramic.md-30x60-marmo-milano-lines-1-300x150.jpg 300w, https:\/\/ceramic.md\/wp-content\/uploads\/2021\/05\/ceramic.md-30x60-marmo-milano-lines-1-600x300.jpg 600w, https:\/\/ceramic.md\/wp-content\/uploads\/2021\/05\/ceramic.md-30x60-marmo-milano-lines-1-800x400.jpg 800w, https:\/\/ceramic.md\/wp-content\/uploads\/2021\/05\/ceramic.md-30x60-marmo-milano-lines-1-1400x701.jpg 1400w, https:\/\/ceramic.md\/wp-content\/uploads\/2021\/05\/ceramic.md-30x60-marmo-milano-lines-1-400x200.jpg 400w, https:\/\/ceramic.md\/wp-content\/uploads\/2021\/05\/ceramic.md-30x60-marmo-milano-lines-1-768x384.jpg 768w, https:\/\/ceramic.md\/wp-content\/uploads\/2021\/05\/ceramic.md-30x60-marmo-milano-lines-1-1536x769.jpg 1536w\" sizes=\"(max-width: 300px) 100vw, 300px\" \/>\t\t\t\t<\/a>\n\t\t\t<\/div>\n\t\t\t<div class=\"image-tools is-small top right show-on-hover\">\n\t\t\t\t\t\t\t<\/div>\n\t\t\t<div class=\"image-tools is-small hide-for-small bottom left show-on-hover\">\n\t\t\t\t\t\t\t<\/div>\n\t\t\t<div class=\"image-tools grid-tools text-center hide-for-small bottom hover-slide-in show-on-hover\">\n\t\t\t\t\t\t\t<\/div>\n\t\t\t\t\t<\/div>\n\n\t\t<div class=\"box-text box-text-products text-center grid-style-2\">\n\t\t\tFaian\u021b\u0103 din ceramica<div class=\"title-wrapper\"><p itemprop=\"name\" class=\"product_title entry-title\">Ucraina<\/p><\/div><div class=\"price-wrapper\"><\/div>\t\t<\/div>\n\t<\/div>\n\t\t<\/div>\n<\/div>\n<div class=\"product-small col has-hover product type-product post-9081 status-publish instock product_cat-faianta product_cat-teracota has-post-thumbnail shipping-taxable product-type-simple\">\n\t<div class=\"col-inner\">\n\t\n<div class=\"badge-container absolute left top z-1\">\n<\/div>\n\t<div class=\"product-small box \">\n\t\t<div class=\"box-image\">\n\t\t\t<div class=\"image-zoom\">\n\t\t\t\t<a href=\"https:\/\/ceramic.md\/ro\/product\/marmo-milano-grey-hexagon\/\" aria-label=\"30x60cm Marmo Milano Light Grey Hexagon\">\n\t\t\t\t\t<img width=\"300\" height=\"150\" src=\"https:\/\/ceramic.md\/wp-content\/uploads\/2021\/05\/ceramic.md-30x60-marmo-milano-hexagon-300x150.jpg\" class=\"attachment-woocommerce_thumbnail size-woocommerce_thumbnail\" alt=\"Marmo Milano Light Grey Hexagon\" srcset=\"https:\/\/ceramic.md\/wp-content\/uploads\/2021\/05\/ceramic.md-30x60-marmo-milano-hexagon-300x150.jpg 300w, https:\/\/ceramic.md\/wp-content\/uploads\/2021\/05\/ceramic.md-30x60-marmo-milano-hexagon-600x300.jpg 600w, https:\/\/ceramic.md\/wp-content\/uploads\/2021\/05\/ceramic.md-30x60-marmo-milano-hexagon-800x400.jpg 800w, https:\/\/ceramic.md\/wp-content\/uploads\/2021\/05\/ceramic.md-30x60-marmo-milano-hexagon-1400x701.jpg 1400w, https:\/\/ceramic.md\/wp-content\/uploads\/2021\/05\/ceramic.md-30x60-marmo-milano-hexagon-400x200.jpg 400w, https:\/\/ceramic.md\/wp-content\/uploads\/2021\/05\/ceramic.md-30x60-marmo-milano-hexagon-768x384.jpg 768w, https:\/\/ceramic.md\/wp-content\/uploads\/2021\/05\/ceramic.md-30x60-marmo-milano-hexagon-1536x769.jpg 1536w, https:\/\/ceramic.md\/wp-content\/uploads\/2021\/05\/ceramic.md-30x60-marmo-milano-hexagon.jpg 2000w\" sizes=\"(max-width: 300px) 100vw, 300px\" \/>\t\t\t\t<\/a>\n\t\t\t<\/div>\n\t\t\t<div class=\"image-tools is-small top right show-on-hover\">\n\t\t\t\t\t\t\t<\/div>\n\t\t\t<div class=\"image-tools is-small hide-for-small bottom left show-on-hover\">\n\t\t\t\t\t\t\t<\/div>\n\t\t\t<div class=\"image-tools grid-tools text-center hide-for-small bottom hover-slide-in show-on-hover\">\n\t\t\t\t\t\t\t<\/div>\n\t\t\t\t\t<\/div>\n\n\t\t<div class=\"box-text box-text-products text-center grid-style-2\">\n\t\t\tFaian\u021b\u0103 din ceramica<div class=\"title-wrapper\"><p itemprop=\"name\" class=\"product_title entry-title\">Ucraina<\/p><\/div><div class=\"price-wrapper\"><\/div>\t\t<\/div>\n\t<\/div>\n\t\t<\/div>\n<\/div>\n<div class=\"product-small col has-hover product type-product post-9080 status-publish last instock product_cat-faianta product_cat-teracota has-post-thumbnail shipping-taxable product-type-simple\">\n\t<div class=\"col-inner\">\n\t\n<div class=\"badge-container absolute left top z-1\">\n<\/div>\n\t<div class=\"product-small box \">\n\t\t<div class=\"box-image\">\n\t\t\t<div class=\"image-zoom\">\n\t\t\t\t<a href=\"https:\/\/ceramic.md\/ro\/product\/marmo-milano-light-grey\/\" aria-label=\"30x60cm Marmo Milano Light Grey\">\n\t\t\t\t\t<img width=\"300\" height=\"150\" src=\"https:\/\/ceramic.md\/wp-content\/uploads\/2021\/05\/ceramic.md-30x60-marmo-milano-light-grey-300x150.jpg\" class=\"attachment-woocommerce_thumbnail size-woocommerce_thumbnail\" alt=\"Marmo Milano Light Grey\" srcset=\"https:\/\/ceramic.md\/wp-content\/uploads\/2021\/05\/ceramic.md-30x60-marmo-milano-light-grey-300x150.jpg 300w, https:\/\/ceramic.md\/wp-content\/uploads\/2021\/05\/ceramic.md-30x60-marmo-milano-light-grey-600x300.jpg 600w, https:\/\/ceramic.md\/wp-content\/uploads\/2021\/05\/ceramic.md-30x60-marmo-milano-light-grey-800x400.jpg 800w, https:\/\/ceramic.md\/wp-content\/uploads\/2021\/05\/ceramic.md-30x60-marmo-milano-light-grey-1400x701.jpg 1400w\" sizes=\"(max-width: 300px) 100vw, 300px\" \/>\t\t\t\t<\/a>\n\t\t\t<\/div>\n\t\t\t<div class=\"image-tools is-small top right show-on-hover\">\n\t\t\t\t\t\t\t<\/div>\n\t\t\t<div class=\"image-tools is-small hide-for-small bottom left show-on-hover\">\n\t\t\t\t\t\t\t<\/div>\n\t\t\t<div class=\"image-tools grid-tools text-center hide-for-small bottom hover-slide-in show-on-hover\">\n\t\t\t\t\t\t\t<\/div>\n\t\t\t\t\t<\/div>\n\n\t\t<div class=\"box-text box-text-products text-center grid-style-2\">\n\t\t\tFaian\u021b\u0103 din ceramica<div class=\"title-wrapper\"><p itemprop=\"name\" class=\"product_title entry-title\">Ucraina<\/p><\/div><div class=\"price-wrapper\"><\/div>\t\t<\/div>\n\t<\/div>\n\t\t<\/div>\n<\/div>\n<div class=\"product-small col has-hover product type-product post-9078 status-publish first instock product_cat-faianta product_cat-teracota has-post-thumbnail shipping-taxable product-type-simple\">\n\t<div class=\"col-inner\">\n\t\n<div class=\"badge-container absolute left top z-1\">\n<\/div>\n\t<div class=\"product-small box \">\n\t\t<div class=\"box-image\">\n\t\t\t<div class=\"image-zoom\">\n\t\t\t\t<a href=\"https:\/\/ceramic.md\/ro\/product\/marmo-milano-grey\/\" aria-label=\"30x60cm Marmo Milano Grey\">\n\t\t\t\t\t<img width=\"300\" height=\"150\" src=\"https:\/\/ceramic.md\/wp-content\/uploads\/2021\/05\/ceramic.md-30x60-marmo-milano-grey-300x150.jpg\" class=\"attachment-woocommerce_thumbnail size-woocommerce_thumbnail\" alt=\"Marmo Milano Grey\" srcset=\"https:\/\/ceramic.md\/wp-content\/uploads\/2021\/05\/ceramic.md-30x60-marmo-milano-grey-300x150.jpg 300w, https:\/\/ceramic.md\/wp-content\/uploads\/2021\/05\/ceramic.md-30x60-marmo-milano-grey-600x300.jpg 600w, https:\/\/ceramic.md\/wp-content\/uploads\/2021\/05\/ceramic.md-30x60-marmo-milano-grey-800x400.jpg 800w, https:\/\/ceramic.md\/wp-content\/uploads\/2021\/05\/ceramic.md-30x60-marmo-milano-grey-1400x701.jpg 1400w, https:\/\/ceramic.md\/wp-content\/uploads\/2021\/05\/ceramic.md-30x60-marmo-milano-grey-400x200.jpg 400w, https:\/\/ceramic.md\/wp-content\/uploads\/2021\/05\/ceramic.md-30x60-marmo-milano-grey-768x384.jpg 768w\" sizes=\"(max-width: 300px) 100vw, 300px\" \/>\t\t\t\t<\/a>\n\t\t\t<\/div>\n\t\t\t<div class=\"image-tools is-small top right show-on-hover\">\n\t\t\t\t\t\t\t<\/div>\n\t\t\t<div class=\"image-tools is-small hide-for-small bottom left show-on-hover\">\n\t\t\t\t\t\t\t<\/div>\n\t\t\t<div class=\"image-tools grid-tools text-center hide-for-small bottom hover-slide-in show-on-hover\">\n\t\t\t\t\t\t\t<\/div>\n\t\t\t\t\t<\/div>\n\n\t\t<div class=\"box-text box-text-products text-center grid-style-2\">\n\t\t\tFaian\u021b\u0103 din ceramica<div class=\"title-wrapper\"><p itemprop=\"name\" class=\"product_title entry-title\">Ucraina<\/p><\/div><div class=\"price-wrapper\"><\/div>\t\t<\/div>\n\t<\/div>\n\t\t<\/div>\n<\/div>\n<\/div><!-- row --><\/div>\n\n<h4>\u0421olec\u021bie de teracot\u0103 din ceramica Marmo Milano de la fabrica ucraineasc\u0103 <a href=\"https:\/\/goldentile.com.ua\/\" target=\"_blank\" rel=\"noopener\">Golden Tile<\/a> pentru decorarea pere\u021bilor \u00een interior.<\/h4>\n<p><a href=\"https:\/\/ceramic.md\/product-category\/teracota\/?filter_producator=ucraina\">Teracota ucraineasc\u0103<\/a> \u00een trecut se considera c\u0103 nu era de foarte bun\u0103 calitate. Cu toate acestea, tehnologiile au avansat cu mult timp \u00een urm\u0103, \u0219i fabricile ucrainene de teracot\u0103 \u00eempreun\u0103 cu acestea. \u00centr-un mediu extrem de competitiv, nici designerii ucraineni nu \u00ee\u0219i permit s\u0103 r\u0103m\u00e2n\u0103 \u00een urm\u0103 cu tendin\u021bele sezonului. Prin urmare, ast\u0103zi pl\u0103cile ucrainene devin \u00een mod meritat \u00een concordan\u021b\u0103 cu cele spaniole \u00een ceea ce prive\u0219te calitatea \u0219i designul, \u0219i chiar dep\u0103\u0219esc la pre\u021b.<\/p>\n<p><img class=\"wp-image-9072 aligncenter\" src=\"https:\/\/ceramic.md\/wp-content\/uploads\/2021\/05\/golden-tile-logo.jpg\" alt=\"\" width=\"161\" height=\"123\"><\/p>\n<p>Fabrica Golden Tile este una dintre cele a c\u0103ror calitate a fost apreciat\u0103 \u00een permanen\u021b\u0103, iar colec\u021biile au r\u0103mas relevante de mul\u021bi ani. Aceasta \u00eenseamn\u0103 c\u0103, aleg\u00e2nd colec\u021bia acestei plante, nu va trebui s\u0103 o schimba\u021bi \u00een c\u00e2\u021biva ani. Cel mai bun echipament este instalat \u00een fabric\u0103, ceea ce permite producerea pl\u0103cilor moderne \u0219i monitorizarea atent\u0103 a calit\u0103\u021bii acestora.<\/p>\n<p>Colec\u021bia de pl\u0103ci Marmo Milano poate fi utilizat\u0103 \u00een baie, sufragerie \u0219i buc\u0103t\u0103rie, precum \u0219i pentru decorarea elementelor interioare individuale. Ea a colectat cele mai bune tendin\u021be ale sezonului &#8211; nuan\u021be de gri la mod\u0103, textur\u0103 de piatr\u0103 natural\u0103, precum \u0219i decoruri geometrice.<\/p>\n<p>Teracot\u0103 de perete sunt realizate din lut alb cu dimensiunea de 30&#215;60 cm \u0219i grosimea lor este de 9 mm. Pl\u0103ci de pardoseal\u0103 &#8211; gresie por\u021belanat\u0103 cu dimensiunea de 60,7&#215;60,7 cm. U\u0219or de t\u0103iat \u0219i g\u0103urit, nu necesit\u0103 echipamente scumpe \u00een timpul instal\u0103rii.<\/p>","protected":false},"excerpt":{"rendered":"<p>Colec\u021bie de teracot\u0103 baie, buc\u0103t\u0103rie, sufragerie de la <b>Golden Tile, <\/b>Ucraina<\/p>\n","protected":false},"featured_media":9073,"template":"","meta":[],"product_cat":[287,723,724],"product_tag":[],"_links":{"self":[{"href":"https:\/\/ceramic.md\/ro\/wp-json\/wp\/v2\/product\/9071"}],"collection":[{"href":"https:\/\/ceramic.md\/ro\/wp-json\/wp\/v2\/product"}],"about":[{"href":"https:\/\/ceramic.md\/ro\/wp-json\/wp\/v2\/types\/product"}],"wp:featuredmedia":[{"embeddable":true,"href":"https:\/\/ceramic.md\/ro\/wp-json\/wp\/v2\/media\/9073"}],"wp:attachment":[{"href":"https:\/\/ceramic.md\/ro\/wp-json\/wp\/v2\/media?parent=9071"}],"wp:term":[{"taxonomy":"product_cat","embeddable":true,"href":"https:\/\/ceramic.md\/ro\/wp-json\/wp\/v2\/product_cat?post=9071"},{"taxonomy":"product_tag","embeddable":true,"href":"https:\/\/ceramic.md\/ro\/wp-json\/wp\/v2\/product_tag?post=9071"}],"curies":[{"name":"wp","href":"https:\/\/api.w.org\/{rel}","templated":true}]}}