{"id":22729,"date":"2026-01-14T10:40:04","date_gmt":"2026-01-14T08:40:04","guid":{"rendered":"https:\/\/ceramic.md\/?post_type=product&#038;p=22729"},"modified":"2026-01-14T13:48:38","modified_gmt":"2026-01-14T11:48:38","slug":"panou-din-bambus","status":"publish","type":"product","link":"https:\/\/ceramic.md\/ru\/product\/panou-din-bambus\/","title":{"rendered":"Panou din Bambus"},"content":{"rendered":"<p>Panourile decorative din bambus presat sunt mai mult dec\u00e2t un simplu finisaj \u2013 sunt o declara\u021bie de stil \u0219i respect pentru natur\u0103. Realizate din fibre de bambus 100% natural, reprezint\u0103 o alegere practic\u0103 \u0219i modern\u0103 pentru amenajarea casei, magazinelor, hotelurilor sau birourilor, ecologic,aspect natural,usor de manevrat si montat.<\/p>\n","protected":false},"excerpt":{"rendered":"<p>Model 3738014<\/p>\n<p>Dimensiunea 2800 mm x1100 mm<\/p>\n<p>Grosimea 5mm<\/p>\n","protected":false},"featured_media":22730,"template":"","meta":[],"product_cat":[1765],"product_tag":[1768],"_links":{"self":[{"href":"https:\/\/ceramic.md\/ru\/wp-json\/wp\/v2\/product\/22729"}],"collection":[{"href":"https:\/\/ceramic.md\/ru\/wp-json\/wp\/v2\/product"}],"about":[{"href":"https:\/\/ceramic.md\/ru\/wp-json\/wp\/v2\/types\/product"}],"wp:featuredmedia":[{"embeddable":true,"href":"https:\/\/ceramic.md\/ru\/wp-json\/wp\/v2\/media\/22730"}],"wp:attachment":[{"href":"https:\/\/ceramic.md\/ru\/wp-json\/wp\/v2\/media?parent=22729"}],"wp:term":[{"taxonomy":"product_cat","embeddable":true,"href":"https:\/\/ceramic.md\/ru\/wp-json\/wp\/v2\/product_cat?post=22729"},{"taxonomy":"product_tag","embeddable":true,"href":"https:\/\/ceramic.md\/ru\/wp-json\/wp\/v2\/product_tag?post=22729"}],"curies":[{"name":"wp","href":"https:\/\/api.w.org\/{rel}","templated":true}]}}